{"id":117000,"date":"2023-12-17T10:13:40","date_gmt":"2023-12-17T09:13:40","guid":{"rendered":"http:\/\/www.sheetmusic-kreidler.com\/?page_id=117000"},"modified":"2026-02-14T17:45:41","modified_gmt":"2026-02-14T16:45:41","slug":"bilder-recent","status":"publish","type":"page","link":"http:\/\/www.sheetmusic-kreidler.com\/en\/bilder-2\/bilder-recent\/","title":{"rendered":"Soundwave Phase (2021 &#8211; _"},"content":{"rendered":"<blockquote class=\"wp-block-quote is-layout-flow wp-block-quote-is-layout-flow\">\n<p>Meine Werke sind visuelle Synthesizer, die den Reichtum von Schallwellen, ihre formalen M\u00f6glichkeiten wie auch ihre Zeichenhaftigkeit erschlie\u00dfen und erweitern: Die Schallwelle im Bild als der Zeit entnommener Klangverlauf, aber auch als genuin \u00e4sthetisches Gebilde.<br \/><br \/>Each wave is carefully selected in its form as well as in its latent sounding reference. In elaborate processes, I speak, sing, play and scream sounds, process them electronically or collect them for my palette from the world's sound archives. In the mixture of working with the microphone in the studio, the arrangement on the computer and the further addition with brush and colour, gravity and chemical processes, image concerts in conceptual multimedia arise to a certain extent; the stimulus is visual, the information is acoustic.<br \/><br \/>Seit Corona sind wir darin ge\u00fcbt, Wellenverl\u00e4ufe zu lesen, verfolgen ihre Dramatik und diskutieren ihre Prognose; im Kunstwerk werden sie zum Drama des Sehens und H\u00f6rens par excellence; die Spannungskurve ist ein existenzielles Moment.<\/p>\n\n\n\n<p>(JK)<\/p>\n<\/blockquote>\n\n\n\n<div style=\"height:60px\" aria-hidden=\"true\" class=\"wp-block-spacer\"><\/div>\n\n\n\n<div class=\"wp-block-columns is-layout-flex wp-container-core-columns-is-layout-9d6595d7 wp-block-columns-is-layout-flex\">\n<div class=\"wp-block-column is-layout-flow wp-block-column-is-layout-flow\">\n<figure class=\"wp-block-image size-large\"><a href=\"http:\/\/www.sheetmusic-kreidler.com\/en\/bilder-2\/bilder-recent\/bilder-soundwave-recent-works\/\"><img loading=\"lazy\" decoding=\"async\" width=\"1024\" height=\"768\" src=\"http:\/\/www.sheetmusic-kreidler.com\/wp-content\/uploads\/2023\/12\/grossformat1-cover.jpg\" alt=\"\" class=\"wp-image-117053\" srcset=\"http:\/\/www.sheetmusic-kreidler.com\/wp-content\/uploads\/2023\/12\/grossformat1-cover.jpg 1024w, http:\/\/www.sheetmusic-kreidler.com\/wp-content\/uploads\/2023\/12\/grossformat1-cover-300x225.jpg 300w, http:\/\/www.sheetmusic-kreidler.com\/wp-content\/uploads\/2023\/12\/grossformat1-cover-768x576.jpg 768w, http:\/\/www.sheetmusic-kreidler.com\/wp-content\/uploads\/2023\/12\/grossformat1-cover-16x12.jpg 16w\" sizes=\"auto, (max-width: 1024px) 100vw, 1024px\" \/><\/a><figcaption class=\"wp-element-caption\">Recent Works<\/figcaption><\/figure>\n<\/div>\n\n\n\n<div class=\"wp-block-column is-layout-flow wp-block-column-is-layout-flow\">\n<figure class=\"wp-block-image size-large\"><a href=\"http:\/\/www.sheetmusic-kreidler.com\/en\/bilder-2\/bilder-recent\/bilder-soundwave-oscillations\/\"><img loading=\"lazy\" decoding=\"async\" width=\"768\" height=\"576\" src=\"http:\/\/www.sheetmusic-kreidler.com\/wp-content\/uploads\/2023\/12\/maria-kolaschnikowa_cover.jpg\" alt=\"\" class=\"wp-image-117054\" srcset=\"http:\/\/www.sheetmusic-kreidler.com\/wp-content\/uploads\/2023\/12\/maria-kolaschnikowa_cover.jpg 768w, http:\/\/www.sheetmusic-kreidler.com\/wp-content\/uploads\/2023\/12\/maria-kolaschnikowa_cover-300x225.jpg 300w, http:\/\/www.sheetmusic-kreidler.com\/wp-content\/uploads\/2023\/12\/maria-kolaschnikowa_cover-16x12.jpg 16w\" sizes=\"auto, (max-width: 768px) 100vw, 768px\" \/><\/a><figcaption class=\"wp-element-caption\">Oscillations<\/figcaption><\/figure>\n<\/div>\n<\/div>\n\n\n\n<div class=\"wp-block-columns is-layout-flex wp-container-core-columns-is-layout-9d6595d7 wp-block-columns-is-layout-flex\">\n<div class=\"wp-block-column is-layout-flow wp-block-column-is-layout-flow\">\n<figure class=\"wp-block-image size-large\"><a href=\"http:\/\/www.sheetmusic-kreidler.com\/en\/bilder-2\/bilder-recent\/bilder-soundwaves-radials\/\"><img loading=\"lazy\" decoding=\"async\" width=\"1024\" height=\"768\" src=\"http:\/\/www.sheetmusic-kreidler.com\/wp-content\/uploads\/2021\/12\/wsa-r43-12-1024x768.jpg\" alt=\"\" class=\"wp-image-116804\" srcset=\"http:\/\/www.sheetmusic-kreidler.com\/wp-content\/uploads\/2021\/12\/wsa-r43-12-1024x768.jpg 1024w, http:\/\/www.sheetmusic-kreidler.com\/wp-content\/uploads\/2021\/12\/wsa-r43-12-300x225.jpg 300w, http:\/\/www.sheetmusic-kreidler.com\/wp-content\/uploads\/2021\/12\/wsa-r43-12-768x576.jpg 768w, http:\/\/www.sheetmusic-kreidler.com\/wp-content\/uploads\/2021\/12\/wsa-r43-12-1536x1152.jpg 1536w, http:\/\/www.sheetmusic-kreidler.com\/wp-content\/uploads\/2021\/12\/wsa-r43-12-16x12.jpg 16w, http:\/\/www.sheetmusic-kreidler.com\/wp-content\/uploads\/2021\/12\/wsa-r43-12.jpg 1777w\" sizes=\"auto, (max-width: 1024px) 100vw, 1024px\" \/><\/a><figcaption class=\"wp-element-caption\">Radials<\/figcaption><\/figure>\n<\/div>\n\n\n\n<div class=\"wp-block-column is-layout-flow wp-block-column-is-layout-flow\">\n<figure class=\"wp-block-image size-large\"><a href=\"http:\/\/www.sheetmusic-kreidler.com\/en\/bilder-2\/bilder-recent\/soundwaves-twosoundwaves\/\"><img loading=\"lazy\" decoding=\"async\" width=\"550\" height=\"412\" src=\"http:\/\/www.sheetmusic-kreidler.com\/wp-content\/uploads\/2023\/12\/crosswaves33-cover.jpg\" alt=\"\" class=\"wp-image-117055\" srcset=\"http:\/\/www.sheetmusic-kreidler.com\/wp-content\/uploads\/2023\/12\/crosswaves33-cover.jpg 550w, http:\/\/www.sheetmusic-kreidler.com\/wp-content\/uploads\/2023\/12\/crosswaves33-cover-300x225.jpg 300w, http:\/\/www.sheetmusic-kreidler.com\/wp-content\/uploads\/2023\/12\/crosswaves33-cover-16x12.jpg 16w\" sizes=\"auto, (max-width: 550px) 100vw, 550px\" \/><\/a><figcaption class=\"wp-element-caption\">Twosoundwaves<\/figcaption><\/figure>\n<\/div>\n<\/div>\n\n\n\n<div style=\"height:60px\" aria-hidden=\"true\" class=\"wp-block-spacer\"><\/div>\n\n\n\n<div class=\"wp-block-buttons is-layout-flex wp-block-buttons-is-layout-flex\">\n<div class=\"wp-block-button is-style-outline is-style-outline--1\"><a class=\"wp-block-button__link wp-element-button\" href=\"http:\/\/www.sheetmusic-kreidler.com\/en\/bilder-2\/\" style=\"border-radius:3px\">back<\/a><\/div>\n<\/div>","protected":false},"excerpt":{"rendered":"<p>Meine Werke sind visuelle Synthesizer, die den Reichtum von Schallwellen, ihre formalen M\u00f6glichkeiten wie auch ihre Zeichenhaftigkeit erschlie\u00dfen und erweitern: Die Schallwelle im Bild als der Zeit entnommener Klangverlauf, aber auch als genuin \u00e4sthetisches Gebilde. Jede Welle ist sorgsam ausgesucht in ihrer Gestalt wie in ihrem latenten klingenden Verweis. In aufwendigen Verfahren spreche, singe, spiele [&hellip;]<\/p>","protected":false},"author":2,"featured_media":0,"parent":116979,"menu_order":0,"comment_status":"closed","ping_status":"closed","template":"","meta":{"footnotes":""},"class_list":["post-117000","page","type-page","status-publish","hentry"],"_links":{"self":[{"href":"http:\/\/www.sheetmusic-kreidler.com\/en\/wp-json\/wp\/v2\/pages\/117000","targetHints":{"allow":["GET"]}}],"collection":[{"href":"http:\/\/www.sheetmusic-kreidler.com\/en\/wp-json\/wp\/v2\/pages"}],"about":[{"href":"http:\/\/www.sheetmusic-kreidler.com\/en\/wp-json\/wp\/v2\/types\/page"}],"author":[{"embeddable":true,"href":"http:\/\/www.sheetmusic-kreidler.com\/en\/wp-json\/wp\/v2\/users\/2"}],"replies":[{"embeddable":true,"href":"http:\/\/www.sheetmusic-kreidler.com\/en\/wp-json\/wp\/v2\/comments?post=117000"}],"version-history":[{"count":14,"href":"http:\/\/www.sheetmusic-kreidler.com\/en\/wp-json\/wp\/v2\/pages\/117000\/revisions"}],"predecessor-version":[{"id":119633,"href":"http:\/\/www.sheetmusic-kreidler.com\/en\/wp-json\/wp\/v2\/pages\/117000\/revisions\/119633"}],"up":[{"embeddable":true,"href":"http:\/\/www.sheetmusic-kreidler.com\/en\/wp-json\/wp\/v2\/pages\/116979"}],"wp:attachment":[{"href":"http:\/\/www.sheetmusic-kreidler.com\/en\/wp-json\/wp\/v2\/media?parent=117000"}],"curies":[{"name":"wp","href":"https:\/\/api.w.org\/{rel}","templated":true}]}}