{"id":117206,"date":"2023-12-28T20:26:48","date_gmt":"2023-12-28T19:26:48","guid":{"rendered":"http:\/\/www.sheetmusic-kreidler.com\/?page_id=117206"},"modified":"2024-01-28T21:38:34","modified_gmt":"2024-01-28T20:38:34","slug":"callas","status":"publish","type":"page","link":"http:\/\/www.sheetmusic-kreidler.com\/en\/bilder-2\/bilder-recent\/bilder-soundwave-recent-works\/callas\/","title":{"rendered":"Callas"},"content":{"rendered":"<div style=\"height:35px\" aria-hidden=\"true\" class=\"wp-block-spacer\"><\/div>\n\n\n\n<figure class=\"wp-block-image size-large\"><img loading=\"lazy\" decoding=\"async\" width=\"700\" height=\"1024\" src=\"http:\/\/www.sheetmusic-kreidler.com\/wp-content\/uploads\/2023\/09\/callas1-700x1024.jpg\" alt=\"\" class=\"wp-image-116962\" srcset=\"http:\/\/www.sheetmusic-kreidler.com\/wp-content\/uploads\/2023\/09\/callas1-700x1024.jpg 700w, http:\/\/www.sheetmusic-kreidler.com\/wp-content\/uploads\/2023\/09\/callas1-205x300.jpg 205w, http:\/\/www.sheetmusic-kreidler.com\/wp-content\/uploads\/2023\/09\/callas1-768x1124.jpg 768w, http:\/\/www.sheetmusic-kreidler.com\/wp-content\/uploads\/2023\/09\/callas1-1050x1536.jpg 1050w, http:\/\/www.sheetmusic-kreidler.com\/wp-content\/uploads\/2023\/09\/callas1-1399x2048.jpg 1399w, http:\/\/www.sheetmusic-kreidler.com\/wp-content\/uploads\/2023\/09\/callas1-8x12.jpg 8w, http:\/\/www.sheetmusic-kreidler.com\/wp-content\/uploads\/2023\/09\/callas1-scaled.jpg 1749w\" sizes=\"auto, (max-width: 700px) 100vw, 700px\" \/><\/figure>\n\n\n\n<h3 class=\"wp-block-heading\"><span style=\"color:#848484\" class=\"has-inline-color\"><strong>Callas<\/strong> (2023)<\/span><\/h3>\n\n\n\n<div style=\"height:20px\" aria-hidden=\"true\" class=\"wp-block-spacer\"><\/div>\n\n\n\n<p>oil, ink and acrylic on canvas<br \/>100x69cm <\/p>\n\n\n\n<div style=\"height:20px\" aria-hidden=\"true\" class=\"wp-block-spacer\"><\/div>\n\n\n\n<p>Moment aus einer Aufnahme von Maria Callas.<\/p>\n\n\n\n<div style=\"height:20px\" aria-hidden=\"true\" class=\"wp-block-spacer\"><\/div>\n\n\n\n<p>So ziehen sich die Stimmb\u00e4nder der gro\u00dfen S\u00e4ngerin einen Augenblick lang zusammen; Blick in den Kehlkopf, von dekorativer Anmutung. Klang ist das nach au\u00dfen gest\u00fclpte Stimmband, in Luftblasen eingeformt, momentlang schillernd. Eine Kontraktion, ein Sog, ins Glibberige des Halses ent\u00e4u\u00dfert sich im Pulsieren des Saales. Die Welle zieht und dr\u00fcckt abwechselnd, es ist idiosynkratisch.<\/p>\n\n\n\n<div style=\"height:35px\" aria-hidden=\"true\" class=\"wp-block-spacer\"><\/div>\n\n\n<style>#jtg-117221 .modula-item .jtg-social a, .lightbox-socials.jtg-social a{ fill: #ffffff; color: #ffffff }#jtg-117221 .modula-item .jtg-social-mobile a{ fill: #ffffff; color: #ffffff }#jtg-117221 .modula-item .jtg-social svg, .lightbox-socials.jtg-social svg { height: 16px; width: 16px }#jtg-117221 .modula-item .jtg-social-mobile svg { height: 16px; width: 16px }#jtg-117221 .modula-item .jtg-social a:not(:last-child), .lightbox-socials.jtg-social a:not(:last-child) { margin-right: 10px }#jtg-117221 .modula-item .jtg-social-mobile .jtg-social-mobile-icons a:not(:last-child){ margin-right: 10px }#jtg-117221 .modula-item .figc {color:#ffffff;}#jtg-117221 .modula-item .figc .jtg-title {  font-size: 16px; }#jtg-117221 .modula-item .modula-item-content { transform: scale(1) }#jtg-117221 .modula-items .figc p.description { font-size:12px; }#jtg-117221 .modula-items .figc p.description { color:#ffffff;}#jtg-117221.modula-gallery .modula-item > a, #jtg-117221.modula-gallery .modula-item, #jtg-117221.modula-gallery .modula-item-content > a:not(.modula-no-follow) { cursor:custom; } #jtg-117221.modula-gallery .modula-item-content .modula-no-follow { cursor: default; } #jtg-117221 .modula-item .modula-item-overlay, #jtg-117221 .modula-item.effect-layla, #jtg-117221  .modula-item.effect-ruby,#jtg-117221 .modula-item.effect-bubba,#jtg-117221 .modula-item.effect-sarah,#jtg-117221 .modula-item.effect-milo,#jtg-117221 .modula-item.effect-julia,#jtg-117221 .modula-item.effect-hera,#jtg-117221 .modula-item.effect-winston,#jtg-117221 .modula-item.effect-selena,#jtg-117221 .modula-item.effect-terry,#jtg-117221 .modula-item.effect-phoebe,#jtg-117221 .modula-item.effect-apollo{ background-color:#f4f4f4; }#jtg-117221  .modula-item.effect-oscar { background: -webkit-linear-gradient(45deg,#f4f4f4 0,#9b4a1b 40%,#f4f4f4 100%);background: linear-gradient(45deg,#f4f4f4 0,#9b4a1b 40%,#f4f4f4 100%);}#jtg-117221  .modula-item.effect-roxy {background: -webkit-linear-gradient(45deg,#f4f4f4 0,#05abe0 100%);background: linear-gradient(45deg,#f4f4f4 0,#05abe0 100%);}#jtg-117221 .modula-item.effect-dexter {background: -webkit-linear-gradient(top,#f4f4f4 0,rgba(104,60,19,1) 100%); background: linear-gradient(to bottom,#f4f4f4 0,rgba(104,60,19,1) 100%);}#jtg-117221  .modula-item.effect-jazz {background: -webkit-linear-gradient(-45deg,#f4f4f4 0,#f33f58 100%);background: linear-gradient(-45deg,#f4f4f4 0,#f33f58 100%);}#jtg-117221 .modula-item.effect-lexi {background: -webkit-linear-gradient(-45deg,#f4f4f4 0,#fff 100%);background: linear-gradient(-45deg,#f4f4f4 0,#fff 100%);}#jtg-117221 .modula-item.effect-duke {background: -webkit-linear-gradient(-45deg,#f4f4f4 0,#cc6055 100%);background: linear-gradient(-45deg,#f4f4f4 0,#cc6055 100%);}#jtg-117221 .modula-item.effect-ming .figc::before {border: 2px solid #f4f4f4; box-shadow: 0 0 0 100vmax rgba(244,244,244,0.4);}#jtg-117221 .modula-item:hover img { opacity: 0.6; }#jtg-117221 .modula-item > a, #jtg-117221 .modula-item, #jtg-117221 .modula-item-content > a { cursor:url(),auto ; } #jtg-117221 p.description {font-weight:normal; }#jtg-117221:not(.modula-loaded-scale)  .modula-item .modula-item-content { transform: scale(1) translate(0px,0px) rotate(0deg); }@keyframes modulaScaling { 0% {transform: scale(1) translate(0px,p0x) rotate(0deg);} 50%{transform: scale(1) translate(0px,0px) rotate(0deg);}100%{transform: scale(1) translate(0px,p0x) rotate(0deg);}}#jtg-117221.modula-gallery .filters { text-align: right;}#jtg-117221.modula-gallery .modula-item.effect-terry .jtg-social a:not(:last-child){margin-bottom:10px;}.modula-fancybox-container.modula-lightbox-jtg-117221 .modula-fancybox-caption .modula-fancybox-caption__body, .modula-fancybox-container.modula-lightbox-jtg-117221 .modula-fancybox-caption .modula-fancybox-caption__body p {text-align:center}html body .modula.modula-columns .modula-items.grid-gallery .modula-item.effect-under .modula-item-content { height:auto;}@media all and (max-width: 768px) { .modula-gallery .modula-item.effect-under.modula-caption-effect-item.jg-entry { margin-top: 10px; } }.modula-fancybox-container.modula-lightbox-jtg-117221 .fancybox__caption {align-self:center}.modula-fancybox-container.modula-lightbox-jtg-117221 {--fancybox-bg:rgba(12,12,12,0.98);--fancybox-opacity:1 !important;}#jtg-117221 .modula-download-all-button { text-align: center }#jtg-117221 .modula-download-all-button svg path { fill: #000; }#jtg-117221 .modula-video-icon {  position: absolute; width: 30px;top: 50%;left: 50%;transform: translate(-50%,-50%); }#jtg-117221 .modula-video-icon { width : 30px}@media screen and (max-width: 992px){ #jtg-117221 .modula-video-icon { width : 30px}}@media screen and (max-width: 768px) { #jtg-117221 .modula-video-icon { width : 30px}}#jtg-117221 + div.modula-navigation .modula-links-wrapper  a { color : #848484}#jtg-117221 + .modula-navigation .modula-links-wrapper .current{color:#cccccc}#jtg-117221 + div.modula-navigation .modula-links-wrapper {text-align:left}.modula-fancybox-container.modula-lightbox-jtg-117221 .fancybox__caption {align-self:center}@media screen and (max-width:480px){#jtg-117221 .modula-item .figc .jtg-title {  font-size: 12px; }#jtg-117221 .modula-items .figc p.description { color:#ffffff;font-size:10px; }}<\/style>\n<!-- Gallery Container -->\n<div  id=\"jtg-117221\" class=\"modula modula-gallery modula-custom-grid\" data-config=\"{&quot;height&quot;:800,&quot;tabletHeight&quot;:800,&quot;mobileHeight&quot;:800,&quot;desktopHeight&quot;:800,&quot;enableTwitter&quot;:false,&quot;enableWhatsapp&quot;:false,&quot;enableFacebook&quot;:false,&quot;enablePinterest&quot;:false,&quot;enableLinkedin&quot;:false,&quot;enableEmail&quot;:false,&quot;randomFactor&quot;:0.5,&quot;type&quot;:&quot;custom-grid&quot;,&quot;columns&quot;:12,&quot;gutter&quot;:10,&quot;mobileGutter&quot;:10,&quot;tabletGutter&quot;:10,&quot;desktopGutter&quot;:10,&quot;enableResponsive&quot;:&quot;0&quot;,&quot;tabletColumns&quot;:2,&quot;mobileColumns&quot;:1,&quot;lazyLoad&quot;:&quot;1&quot;,&quot;lightboxOpts&quot;:{&quot;animated&quot;:true,&quot;Thumbs&quot;:{&quot;type&quot;:&quot;modern&quot;,&quot;showOnStart&quot;:false,&quot;thumbTpl&quot;:&quot;&lt;button class=\\&quot;f-thumbs__slide__button\\&quot; tabindex=\\&quot;0\\&quot; type=\\&quot;button\\&quot; aria-label=\\&quot;{{GOTO}}\\&quot; data-carousel-index=\\&quot;%i\\&quot;&gt;\\n\\t\\t\\t\\t\\t\\t\\t\\t\\t\\t\\t\\t\\t\\t&lt;img class=\\&quot;f-thumbs__slide__img\\&quot; data-lazy-src=\\&quot;{{%s}}\\&quot; alt=\\&quot;\\&quot; \\\/&gt;\\n\\t\\t\\t\\t\\t\\t\\t\\t\\t\\t\\t\\t\\t\\t&lt;div class=\\&quot;modula-video-icon\\&quot;&gt;&lt;svg viewBox=\\&quot;0 0 24 24\\&quot; aria-hidden=\\&quot;true\\&quot; data-prefix=\\&quot;far\\&quot; data-icon=\\&quot;play-circle\\&quot; class=\\&quot;svg-inline--fa fa-play-circle fa-w-16\\&quot; role=\\&quot;img\\&quot; xmlns=\\&quot;http:\\\/\\\/www.w3.org\\\/2000\\\/svg\\&quot; &gt;&lt;path fill=\\&quot;#fff\\&quot; d=\\&quot;M 17.421875 11.15625 L 9.171875 6.140625 C 8.433594 5.726562 7.5 6.257812 7.5 7.125 L 7.5 16.875 C 7.5 17.738281 8.429688 18.273438 9.171875 17.859375 L 17.421875 13.125 C 18.191406 12.699219 18.191406 11.585938 17.421875 11.15625 Z M 23.625 12 C 23.625 5.578125 18.421875 0.375 12 0.375 C 5.578125 0.375 0.375 5.578125 0.375 12 C 0.375 18.421875 5.578125 23.625 12 23.625 C 18.421875 23.625 23.625 18.421875 23.625 12 Z M 2.625 12 C 2.625 6.820312 6.820312 2.625 12 2.625 C 17.179688 2.625 21.375 6.820312 21.375 12 C 21.375 17.179688 17.179688 21.375 12 21.375 C 6.820312 21.375 2.625 17.179688 2.625 12 Z M 2.625 12 \\&quot;&gt;&lt;\\\/path&gt;&lt;\\\/svg&gt;&lt;\\\/div&gt;\\n\\t\\t\\t\\t\\t\\t\\t\\t\\t\\t\\t\\t\\t&lt;\\\/button&gt;&quot;,&quot;position&quot;:&quot;bottom&quot;},&quot;Toolbar&quot;:{&quot;display&quot;:{&quot;right&quot;:[&quot;close&quot;],&quot;left&quot;:[&quot;infobar&quot;]},&quot;enabled&quot;:true},&quot;Carousel&quot;:{&quot;Panzoom&quot;:{&quot;touch&quot;:false},&quot;infinite&quot;:false,&quot;transition&quot;:&quot;fade&quot;},&quot;keyboard&quot;:{&quot;Escape&quot;:&quot;close&quot;,&quot;Delete&quot;:&quot;close&quot;,&quot;Backspace&quot;:&quot;close&quot;,&quot;PageUp&quot;:false,&quot;PageDown&quot;:false,&quot;ArrowUp&quot;:false,&quot;ArrowDown&quot;:false,&quot;ArrowRight&quot;:false,&quot;ArrowLeft&quot;:false},&quot;touch&quot;:false,&quot;backdropClick&quot;:false,&quot;l10n&quot;:{&quot;CLOSE&quot;:&quot;Close&quot;,&quot;NEXT&quot;:&quot;Next&quot;,&quot;PREV&quot;:&quot;Previous&quot;,&quot;Error&quot;:&quot;The requested content cannot be loaded. Please try again later.&quot;,&quot;PLAY_START&quot;:&quot;Start slideshow&quot;,&quot;PLAY_STOP&quot;:&quot;Pause slideshow&quot;,&quot;FULL_SCREEN&quot;:&quot;Full screen&quot;,&quot;THUMBS&quot;:&quot;Thumbnails&quot;,&quot;DOWNLOAD&quot;:&quot;Download&quot;,&quot;SHARE&quot;:&quot;Share&quot;,&quot;ZOOM&quot;:&quot;Zoom&quot;,&quot;EMAIL&quot;:&quot;Here is the link to the image : %%image_link%% and this is the link to the gallery : %%gallery_link%%&quot;,&quot;MODAL&quot;:&quot;You can close this modal content with the ESC key&quot;,&quot;ERROR&quot;:&quot;Something Went Wrong, Please Try Again Later&quot;,&quot;IMAGE_ERROR&quot;:&quot;Image Not Found&quot;,&quot;ELEMENT_NOT_FOUND&quot;:&quot;HTML Element Not Found&quot;,&quot;AJAX_NOT_FOUND&quot;:&quot;Error Loading AJAX : Not Found&quot;,&quot;AJAX_FORBIDDEN&quot;:&quot;Error Loading AJAX : Forbidden&quot;,&quot;IFRAME_ERROR&quot;:&quot;Error Loading Page&quot;,&quot;TOGGLE_ZOOM&quot;:&quot;Toggle zoom level&quot;,&quot;TOGGLE_THUMBS&quot;:&quot;Toggle thumbnails&quot;,&quot;TOGGLE_SLIDESHOW&quot;:&quot;Toggle slideshow&quot;,&quot;TOGGLE_FULLSCREEN&quot;:&quot;Toggle full-screen mode&quot;},&quot;Images&quot;:{&quot;Panzoom&quot;:{&quot;maxScale&quot;:2},&quot;protected&quot;:false},&quot;toolbar&quot;:true,&quot;wheel&quot;:false,&quot;animationEffect&quot;:&quot;false&quot;,&quot;transitionEffect&quot;:&quot;fade&quot;,&quot;Html&quot;:{&quot;videoAutoplay&quot;:0,&quot;videoTpl&quot;:&quot;&lt;video class=\\&quot;fancybox__html5video modula_html5_video\\&quot; controls muted playsinline controlsList controlsList=\\&quot;nodownload\\&quot; poster=\\&quot;{{poster}}\\&quot; src=\\&quot;{{src}}\\&quot; type=\\&quot;{{format}}\\&quot; &gt;  Sorry, your browser doesn&#039;t support embedded videos, &lt;a href=\\&quot;{{src}}\\&quot;&gt; download &lt;\\\/a&gt; and watch with your favorite video player! &lt;\\\/video&gt;&quot;},&quot;options&quot;:{&quot;protect&quot;:false},&quot;mainClass&quot;:&quot;modula-fancybox-container modula-lightbox-jtg-117221&quot;},&quot;inView&quot;:false,&quot;email_subject&quot;:&quot;Check out this awesome image !!&quot;,&quot;email_message&quot;:&quot;Here is the link to the image : %%image_link%% and this is the link to the gallery : %%gallery_link%%&quot;,&quot;lightbox&quot;:&quot;fancybox&quot;,&quot;filterClick&quot;:1,&quot;dropdownFilters&quot;:&quot;0&quot;,&quot;defaultActiveFilter&quot;:&quot;all&quot;,&quot;initLightbox&quot;:&quot;modula_pro_init_lightbox&quot;,&quot;haveFilters&quot;:0,&quot;lightbox_devices&quot;:&quot;both&quot;,&quot;options&quot;:{&quot;lightbox&quot;:&quot;fancybox&quot;},&quot;enableSlideshow&quot;:&quot;0&quot;,&quot;enableAutoplay&quot;:&quot;0&quot;,&quot;slideshowSpeed&quot;:&quot;5000&quot;,&quot;pauseOnHover&quot;:&quot;0&quot;,&quot;modula_deeplink&quot;:0,&quot;pagination&quot;:true,&quot;images_per_page&quot;:&quot;8&quot;,&quot;images_count&quot;:2}\">\n\n\t\n\t<!-- Items Container -->\n\t<div  class=\"modula-items\">\n\t\t<div class=\"modula-item effect-crafty jtg-filter-all jtg-filter-\" data-width=\"3\" data-height=\"3\" >\n\t<div class=\"modula-item-overlay\"><\/div>\n\n\t<div class=\"modula-item-content\">\n\n\t\t\t\t\n\t\t\t\t\t<a data-image-id=\"116962\" tabindex=\"0\" rel=\"jtg-117221\" data-caption=\"&lt;span class=&quot;modula-caption-description&quot;&gt;Callas&lt;\/span&gt;\" aria-label=\"Open image in lightbox\" role=\"button\" data-thumb=\"https:\/\/wp-modula.b-cdn.net\/spai\/q_lossy,ret_img,w_150,h_200\/http:\/\/www.sheetmusic-kreidler.com\/wp-content\/uploads\/2023\/09\/callas1-150x200.jpg\" class=\"tile-inner modula-item-link\"><\/a>\n\t\t\n\t\t<img class=\"pic wp-image-116962 lazyload\"  data-valign=\"middle\" data-halign=\"center\" alt=\"\" data-full=\"https:\/\/wp-modula.b-cdn.net\/spai\/q_lossless,ret_img\/http:\/\/www.sheetmusic-kreidler.com\/wp-content\/uploads\/2023\/09\/callas1.jpg\" title=\"callas1\" width=\"205\" height=\"300\" data-src=\"https:\/\/wp-modula.b-cdn.net\/spai\/q_lossy,ret_img,w_205,h_300\/http:\/\/www.sheetmusic-kreidler.com\/wp-content\/uploads\/2023\/09\/callas1-205x300.jpg\" data-caption=\"Callas\" data-source=\"modula\" data-srcset=\"https:\/\/wp-modula.b-cdn.net\/spai\/q_lossy,ret_img,w_1749,h_2560\/http:\/\/www.sheetmusic-kreidler.com\/wp-content\/uploads\/2023\/09\/callas1-scaled.jpg 1749w, https:\/\/wp-modula.b-cdn.net\/spai\/q_lossy,ret_img,w_205,h_300\/http:\/\/www.sheetmusic-kreidler.com\/wp-content\/uploads\/2023\/09\/callas1-205x300.jpg 205w, https:\/\/wp-modula.b-cdn.net\/spai\/q_lossy,ret_img,w_700,h_1024\/http:\/\/www.sheetmusic-kreidler.com\/wp-content\/uploads\/2023\/09\/callas1-700x1024.jpg 700w, https:\/\/wp-modula.b-cdn.net\/spai\/q_lossy,ret_img,w_768,h_1124\/http:\/\/www.sheetmusic-kreidler.com\/wp-content\/uploads\/2023\/09\/callas1-768x1124.jpg 768w, https:\/\/wp-modula.b-cdn.net\/spai\/q_lossy,ret_img,w_1050,h_1536\/http:\/\/www.sheetmusic-kreidler.com\/wp-content\/uploads\/2023\/09\/callas1-1050x1536.jpg 1050w, https:\/\/wp-modula.b-cdn.net\/spai\/q_lossy,ret_img,w_1399,h_2048\/http:\/\/www.sheetmusic-kreidler.com\/wp-content\/uploads\/2023\/09\/callas1-1399x2048.jpg 1399w, https:\/\/wp-modula.b-cdn.net\/spai\/q_lossy,ret_img,w_8,h_12\/http:\/\/www.sheetmusic-kreidler.com\/wp-content\/uploads\/2023\/09\/callas1-8x12.jpg 8w\" data-sizes=\"(max-width: 205px) 100vw, 205px\" \/>\n\t\t<div class=\"figc\">\n\t\t\t<div class=\"figc-inner\">\n\t\t\t\t\t\t\t\t\t\t\t\t\t\t\t<\/div>\n\t\t<\/div>\n\n\t<\/div>\n\n<\/div><div class=\"modula-item effect-crafty jtg-filter-all jtg-filter-\" data-width=\"3\" data-height=\"3\" >\n\t<div class=\"modula-item-overlay\"><\/div>\n\n\t<div class=\"modula-item-content\">\n\n\t\t\t\t\n\t\t\t\t\t<a data-image-id=\"117417\" tabindex=\"0\" rel=\"jtg-117221\" data-caption=\"&lt;span class=&quot;modula-caption-description&quot;&gt;Callas (Studio Johannes Kreidler)&lt;\/span&gt;\" aria-label=\"Open image in lightbox\" role=\"button\" data-thumb=\"https:\/\/wp-modula.b-cdn.net\/spai\/q_lossy,ret_img,w_150,h_200\/http:\/\/www.sheetmusic-kreidler.com\/wp-content\/uploads\/2023\/12\/callas3-150x200.jpg\" class=\"tile-inner modula-item-link\"><\/a>\n\t\t\n\t\t<img class=\"pic wp-image-117417 lazyload\"  data-valign=\"middle\" data-halign=\"center\" alt=\"\" data-full=\"https:\/\/wp-modula.b-cdn.net\/spai\/q_lossless,ret_img\/http:\/\/www.sheetmusic-kreidler.com\/wp-content\/uploads\/2023\/12\/callas3.jpg\" title=\"callas3\" data-caption=\"Callas (Studio Johannes Kreidler)\" data-source=\"modula\" data-src=\"https:\/\/wp-modula.b-cdn.net\/spai\/q_lossy,ret_img,w_200,h_300\/h\" width=\"200\" height=\"300\" data-srcset=\"https:\/\/wp-modula.b-cdn.net\/spai\/q_lossy,ret_img,w_1706,h_2560\/http:\/\/www.sheetmusic-kreidler.com\/wp-content\/uploads\/2023\/12\/callas3-scaled.jpg 1706w, https:\/\/wp-modula.b-cdn.net\/spai\/q_lossy,ret_img,w_200,h_300\/http:\/\/www.sheetmusic-kreidler.com\/wp-content\/uploads\/2023\/12\/callas3-200x300.jpg 200w, https:\/\/wp-modula.b-cdn.net\/spai\/q_lossy,ret_img,w_682,h_1024\/http:\/\/www.sheetmusic-kreidler.com\/wp-content\/uploads\/2023\/12\/callas3-682x1024.jpg 682w, https:\/\/wp-modula.b-cdn.net\/spai\/q_lossy,ret_img,w_768,h_1152\/http:\/\/www.sheetmusic-kreidler.com\/wp-content\/uploads\/2023\/12\/callas3-768x1152.jpg 768w, https:\/\/wp-modula.b-cdn.net\/spai\/q_lossy,ret_img,w_1024,h_1536\/http:\/\/www.sheetmusic-kreidler.com\/wp-content\/uploads\/2023\/12\/callas3-1024x1536.jpg 1024w, https:\/\/wp-modula.b-cdn.net\/spai\/q_lossy,ret_img,w_1365,h_2048\/http:\/\/www.sheetmusic-kreidler.com\/wp-content\/uploads\/2023\/12\/callas3-1365x2048.jpg 1365w, https:\/\/wp-modula.b-cdn.net\/spai\/q_lossy,ret_img,w_8,h_12\/http:\/\/www.sheetmusic-kreidler.com\/wp-content\/uploads\/2023\/12\/callas3-8x12.jpg 8w\" data-sizes=\"(max-width: 200px) 100vw, 200px\" \/>\n\t\t<div class=\"figc\">\n\t\t\t<div class=\"figc-inner\">\n\t\t\t\t\t\t\t\t\t\t\t\t\t\t\t<\/div>\n\t\t<\/div>\n\n\t<\/div>\n\n<\/div>\t\t\n\t<\/div>\n\n\t\n\t\n\t<script type=\"application\/ld+json\">\n\t{\n\t\t\"@context\": \"http:\/\/schema.org\",\n\t\t\"@type\"   : \"ImageGallery\",\n\t\t\"id\"      : \"http:\/\/www.sheetmusic-kreidler.com\/en\/bilder-2\/bilder-recent\/bilder-soundwave-recent-works\/callas\/\",\n\t\t\"url\"     : \"http:\/\/www.sheetmusic-kreidler.com\/en\/bilder-2\/bilder-recent\/bilder-soundwave-recent-works\/callas\/\"\n\t}\n\n\t<\/script>\n\n\t\n<\/div><div class=\"modula-navigation pagination jtg-117221\"><div class=\"modula-links-wrapper nav-links\"><\/div><\/div>\n\n\n<div style=\"height:35px\" aria-hidden=\"true\" class=\"wp-block-spacer\"><\/div>\n\n\n\n<div class=\"wp-block-buttons is-layout-flex wp-block-buttons-is-layout-flex\">\n<div class=\"wp-block-button is-style-outline is-style-outline--1\"><a class=\"wp-block-button__link\" href=\"http:\/\/www.sheetmusic-kreidler.com\/en\/bilder-2\/bilder-recent\/bilder-soundwave-recent-works\/?modula-page=1\" style=\"border-radius:3px\">\u25c0\ufe0e\u25c0\ufe0e<\/a><\/div>\n\n\n\n<div class=\"wp-block-button is-style-outline is-style-outline--2\"><a class=\"wp-block-button__link no-border-radius\" href=\"http:\/\/www.sheetmusic-kreidler.com\/en\/bilder-2\/bilder-recent\/bilder-soundwave-recent-works\/untitled-2023-2\/\">\u25c0\ufe0e<\/a><\/div>\n\n\n\n<div class=\"wp-block-button is-style-outline is-style-outline--3\"><a class=\"wp-block-button__link no-border-radius\" href=\"http:\/\/www.sheetmusic-kreidler.com\/en\/bilder-2\/bilder-recent\/bilder-soundwave-recent-works\/1x11\/\">\u25b6\ufe0e<\/a><\/div>\n<\/div>","protected":false},"excerpt":{"rendered":"<p>Callas (2023) Acryl und Spray auf Leinwand100x69cm Moment aus einer Aufnahme von Maria Callas. So ziehen sich die Stimmb\u00e4nder der gro\u00dfen S\u00e4ngerin einen Augenblick lang zusammen; Blick in den Kehlkopf, von dekorativer Anmutung. Klang ist das nach au\u00dfen gest\u00fclpte Stimmband, in Luftblasen eingeformt, momentlang schillernd. Eine Kontraktion, ein Sog, ins Glibberige des Halses ent\u00e4u\u00dfert sich [&hellip;]<\/p>","protected":false},"author":2,"featured_media":0,"parent":117005,"menu_order":0,"comment_status":"closed","ping_status":"closed","template":"","meta":{"footnotes":""},"class_list":["post-117206","page","type-page","status-publish","hentry"],"_links":{"self":[{"href":"http:\/\/www.sheetmusic-kreidler.com\/en\/wp-json\/wp\/v2\/pages\/117206","targetHints":{"allow":["GET"]}}],"collection":[{"href":"http:\/\/www.sheetmusic-kreidler.com\/en\/wp-json\/wp\/v2\/pages"}],"about":[{"href":"http:\/\/www.sheetmusic-kreidler.com\/en\/wp-json\/wp\/v2\/types\/page"}],"author":[{"embeddable":true,"href":"http:\/\/www.sheetmusic-kreidler.com\/en\/wp-json\/wp\/v2\/users\/2"}],"replies":[{"embeddable":true,"href":"http:\/\/www.sheetmusic-kreidler.com\/en\/wp-json\/wp\/v2\/comments?post=117206"}],"version-history":[{"count":8,"href":"http:\/\/www.sheetmusic-kreidler.com\/en\/wp-json\/wp\/v2\/pages\/117206\/revisions"}],"predecessor-version":[{"id":118379,"href":"http:\/\/www.sheetmusic-kreidler.com\/en\/wp-json\/wp\/v2\/pages\/117206\/revisions\/118379"}],"up":[{"embeddable":true,"href":"http:\/\/www.sheetmusic-kreidler.com\/en\/wp-json\/wp\/v2\/pages\/117005"}],"wp:attachment":[{"href":"http:\/\/www.sheetmusic-kreidler.com\/en\/wp-json\/wp\/v2\/media?parent=117206"}],"curies":[{"name":"wp","href":"https:\/\/api.w.org\/{rel}","templated":true}]}}