{"id":116261,"date":"2020-12-01T20:32:46","date_gmt":"2020-12-01T19:32:46","guid":{"rendered":"http:\/\/www.sheetmusic-kreidler.com\/?page_id=116261"},"modified":"2026-02-18T10:49:46","modified_gmt":"2026-02-18T09:49:46","slug":"biographie","status":"publish","type":"page","link":"https:\/\/www.sheetmusic-kreidler.com\/en\/biographie\/","title":{"rendered":"Biography"},"content":{"rendered":"<figure class=\"wp-block-image size-full\"><img loading=\"lazy\" decoding=\"async\" width=\"320\" height=\"516\" src=\"https:\/\/www.sheetmusic-kreidler.com\/wp-content\/uploads\/2026\/01\/JK2025-1.jpg\" alt=\"\" class=\"wp-image-119585\" srcset=\"https:\/\/www.sheetmusic-kreidler.com\/wp-content\/uploads\/2026\/01\/JK2025-1.jpg 320w, https:\/\/www.sheetmusic-kreidler.com\/wp-content\/uploads\/2026\/01\/JK2025-1-186x300.jpg 186w, https:\/\/www.sheetmusic-kreidler.com\/wp-content\/uploads\/2026\/01\/JK2025-1-7x12.jpg 7w\" sizes=\"auto, (max-width: 320px) 100vw, 320px\" \/><\/figure>\n\n\n\n<p>Johannes Kreidler (*1980 in Esslingen, Germany) studied composition, electronic music and music theory in Freiburg and The Hague. He is professor for composition at the Hochschule f\u00fcr Musik Basel (Switzerland). <br \/>[<a href=\"http:\/\/www.kreidler-net.de\">www.kreidler-net.de<\/a>]<\/p>\n\n\n\n<div style=\"height:35px\" aria-hidden=\"true\" class=\"wp-block-spacer\"><\/div>\n\n\n\n<h6 class=\"wp-block-heading\">Solo Exhibitions:<\/h6>\n\n\n\n<ul class=\"wp-block-list\">\n<li>Nemtsov&amp;Nemtsov Berlin, 2015<\/li>\n\n\n\n<li>Building New Realities &#8211; S\u00e4chsische Akademie der K\u00fcnste Dresden, 2016<\/li>\n\n\n\n<li>Musik an der Wand - Karlsruhe, ZeitGenuss Festival, 2019<\/li>\n\n\n\n<li>Sheet Music &#8211; MAPRAA Lyon \/ Biennale des Musiques Exploratoires, 2020<\/li>\n\n\n\n<li>Kontakte &#8211; Akademie der K\u00fcnste Berlin, 2022<\/li>\n\n\n\n<li>Haus Fuhr, B\u00fcrgermeisterhaus und Ev. Kirche Essen-Werden, 2022<\/li>\n\n\n\n<li>Urania Theater K\u00f6ln, 2023<\/li>\n\n\n\n<li>Kunstraum Reuter Berlin, 2023<\/li>\n\n\n\n<li>M\u00e4rkisches Museum Witten, 2025<\/li>\n\n\n\n<li>Mullae Arts Center Seoul, 2025<\/li>\n\n\n\n<li>Ultima Oslo, 2025<\/li>\n\n\n\n<li>Musica Strasbourg, 2025<\/li>\n\n\n\n<li>Concertgebouw Brugge, 2026<\/li>\n\n\n\n<li>La Muse en Circuit \/ IRCAM Paris, 2027<\/li>\n<\/ul>\n\n\n\n<div style=\"height:35px\" aria-hidden=\"true\" class=\"wp-block-spacer\"><\/div>\n\n\n\n<h6 class=\"wp-block-heading\">Group Exhibitions (Selection):<\/h6>\n\n\n\n<ul class=\"wp-block-list\">\n<li>A House full of Music \u2013 Mathildenh\u00f6he Darmstadt, 2012<\/li>\n\n\n\n<li>Borealis \u2013 Kunsthall Bergen, 2012<\/li>\n\n\n\n<li>Foreign Affairs \u2013 KW Berlin und Haus der Berliner Festspiele, 2013<\/li>\n\n\n\n<li>Urban Sounds \u2013 Haus f\u00fcr elektronische K\u00fcnste Basel, 2013<\/li>\n\n\n\n<li>Fleisch \/ Blut \/ Holz \u2013 Filmforum im Museum Ludwig K\u00f6ln, 2013<\/li>\n\n\n\n<li>Roemer XV \u2013 Akademie Schloss Solitude Stuttgart, 2013<\/li>\n\n\n\n<li>Gegenkl\u00e4nge \u2013 St\u00e4dtische Galerie Sindelfingen, 2013<\/li>\n\n\n\n<li>Vinterlyd Festival &#8211; Royal Academy of Music Oslo, 2013<\/li>\n\n\n\n<li>Screenings &#8211; Nowy Teatr Warsaw, 2013<\/li>\n\n\n\n<li>Klangkunsttage 2014 - wellwellwell Wien (Austria)<\/li>\n\n\n\n<li>Fronierts Festival &#8211; Library of Birmingham, 2014<\/li>\n\n\n\n<li>About Art Festival &#8211; Seoul, 2014<\/li>\n\n\n\n<li>Donaueschinger Musiktage 2014<\/li>\n\n\n\n<li>Seismographic Sounds &#8211; Karlsruhe, ZKM \/ Aargau, Forum Schlossplatz \/ Transmediale Berlin, 2015\/2016<\/li>\n\n\n\n<li>Building New Realities - S\u00e4chsische Akademie der K\u00fcnste Dresden, 2016<\/li>\n\n\n\n<li>Seismographic Sounds - Transmediale Berlin, Kunsthaus Bethanien, 2016<\/li>\n\n\n\n<li>Friends with Books - Hamburger Bahnhof Berlin, 2016<\/li>\n\n\n\n<li>Iklektik Gallery London (UK), 2017<\/li>\n\n\n\n<li>Hear me &#8211; Plum Yard (Czech Republic), 2018<\/li>\n\n\n\n<li>Musiques murales - Galerie Satellite, Paris (France), 2018<\/li>\n\n\n\n<li>Grame Lyon - La Mapraa, 2020<\/li>\n\n\n\n<li>Conceptual Scores &#8211; Galeria oqbo Berlin, 2021 \/ A-Music Cologne, 2022<\/li>\n\n\n\n<li>Doppelportrait Jo Fragment \/ Johannes Kreidler &#8211; Kunstraum Reuter Berlin, 2022<\/li>\n\n\n\n<li>The Power of Sign &#8211; Chopin Museum Warsaw, 2021-2022<\/li>\n\n\n\n<li>Documenta 15 &#8211; Martinskirche Kassel, 2022<\/li>\n\n\n\n<li>Novalis Osijek &#8211; Croatia, 2022<\/li>\n\n\n\n<li>Ghost Notes &#8211; Gustav Siegle Haus Stuttgart, 2022<\/li>\n\n\n\n<li>Diaskorea Art Fair in Daejeon, South Korea, 2023<\/li>\n\n\n\n<li>Musik aufs Auge &#8211; W\u00fcrttembergisches Landesmuseum Stuttgart, 2023-2024<\/li>\n\n\n\n<li>Bench Bench Mark &#8211; Basel, 2024<\/li>\n\n\n\n<li>No Score &#8211; Seoul, 2025<\/li>\n\n\n\n<li>Rewire &#8211; Den Haag, 2026<\/li>\n\n\n\n<li>Design H\u00f6ren &#8211; Museum f\u00fcr Gestaltung Z\u00fcrich, 2026<\/li>\n\n\n\n<li>raeume.art &#8211; Berlin 2026<\/li>\n<\/ul>\n\n\n\n<div style=\"height:35px\" aria-hidden=\"true\" class=\"wp-block-spacer\"><\/div>\n\n\n\n<h6 class=\"wp-block-heading\">Awards (Selection):<\/h6>\n\n\n\n<ul class=\"wp-block-list\">\n<li>Scholarship holder of the Berlin Academy of the Arts, 2011<\/li>\n\n\n\n<li>Kranichsteiner Music Award, 2012<\/li>\n\n\n\n<li>Grant holder of the Baden-W\u00fcrttemberg Art Foundation, 2013<\/li>\n<\/ul>\n\n\n\n<div style=\"height:35px\" aria-hidden=\"true\" class=\"wp-block-spacer\"><\/div>\n\n\n\n<h6 class=\"wp-block-heading\">Reviews (Selection):<\/h6>\n\n\n\n<ul class=\"wp-block-list\">\n<li>Kunstforum International Band 200 (2010), S. 70<\/li>\n\n\n\n<li>Frieze d\/e 2 (2011), S. 20<\/li>\n\n\n\n<li>Die ZEIT, Feuilleton (30.3.2010 \/ 10.7.2012)<\/li>\n\n\n\n<li>Frankfurter Allgemeine Zeitung, Feuilleton (25.10.2012)<\/li>\n\n\n\n<li>S\u00fcddeutsche Zeitung, Feuilleton (13.9.2008)<\/li>\n\n\n\n<li>TAZ, Feuilleton (10.9.2008 \/ 21.8.2012 \/ 25.1.2013)<\/li>\n\n\n\n<li>3Sat Kulturzeit (12.9.2008 \/ 30.3.2009 \/ 4.10.2010 \/ 23.10.2012<\/li>\n<\/ul>\n\n\n\n<div style=\"height:33px\" aria-hidden=\"true\" class=\"wp-block-spacer\"><\/div>\n\n\n\n<h6 class=\"wp-block-heading\">Public Collections<\/h6>\n\n\n\n<ul class=\"wp-block-list\">\n<li>Kunststiftung Baden-W\u00fcrttemberg<\/li>\n\n\n\n<li>Akademie der K\u00fcnste Berlin<\/li>\n\n\n\n<li>Art Collection Muni<\/li>\n\n\n\n<li>Gruber Art Collection<\/li>\n\n\n\n<li>Sammlung R. M\u00e4rkle<\/li>\n<\/ul>\n\n\n\n<div style=\"height:100px\" aria-hidden=\"true\" class=\"wp-block-spacer\"><\/div>\n\n\n\n<hr class=\"wp-block-separator has-css-opacity is-style-dots\"\/>\n\n\n\n<p><small>\u00a9Photo: Esther Kochte [Solo exhibition \"Musik an der Wand\" (\"Music on the Wall\") for  ZeitGenuss Festival 2019, at Fleischmarkthalle Karlsruhe, Germany]<\/small><\/p>","protected":false},"excerpt":{"rendered":"<p>Johannes Kreidler (*1980 in Esslingen) studierte Komposition, Elektronische Musik und Musiktheorie in Freiburg und Den Haag. Er ist Professor f\u00fcr Komposition an der Hochschule f\u00fcr Musik Basel. [www.kreidler-net.de] Einzelausstellungen: Gruppenausstellungen (Auswahl): Auszeichnungen (Auswahl): Besprechungen (Auswahl): \u00d6ffentliche Sammlungen: \u00a9Foto: Esther Kochte [Einzelaustellung \u201eMusik an der Wand\u201c \/ Fleischmarkthalle Karlsruhe \u2013 ZeitGenuss Festival 2019]<\/p>","protected":false},"author":2,"featured_media":0,"parent":0,"menu_order":0,"comment_status":"closed","ping_status":"closed","template":"","meta":{"footnotes":""},"class_list":["post-116261","page","type-page","status-publish","hentry"],"_links":{"self":[{"href":"https:\/\/www.sheetmusic-kreidler.com\/en\/wp-json\/wp\/v2\/pages\/116261","targetHints":{"allow":["GET"]}}],"collection":[{"href":"https:\/\/www.sheetmusic-kreidler.com\/en\/wp-json\/wp\/v2\/pages"}],"about":[{"href":"https:\/\/www.sheetmusic-kreidler.com\/en\/wp-json\/wp\/v2\/types\/page"}],"author":[{"embeddable":true,"href":"https:\/\/www.sheetmusic-kreidler.com\/en\/wp-json\/wp\/v2\/users\/2"}],"replies":[{"embeddable":true,"href":"https:\/\/www.sheetmusic-kreidler.com\/en\/wp-json\/wp\/v2\/comments?post=116261"}],"version-history":[{"count":23,"href":"https:\/\/www.sheetmusic-kreidler.com\/en\/wp-json\/wp\/v2\/pages\/116261\/revisions"}],"predecessor-version":[{"id":119668,"href":"https:\/\/www.sheetmusic-kreidler.com\/en\/wp-json\/wp\/v2\/pages\/116261\/revisions\/119668"}],"wp:attachment":[{"href":"https:\/\/www.sheetmusic-kreidler.com\/en\/wp-json\/wp\/v2\/media?parent=116261"}],"curies":[{"name":"wp","href":"https:\/\/api.w.org\/{rel}","templated":true}]}}