{"id":118174,"date":"2024-01-07T17:24:44","date_gmt":"2024-01-07T16:24:44","guid":{"rendered":"http:\/\/www.sheetmusic-kreidler.com\/?page_id=118174"},"modified":"2024-01-28T21:29:15","modified_gmt":"2024-01-28T20:29:15","slug":"callas-2","status":"publish","type":"page","link":"https:\/\/www.sheetmusic-kreidler.com\/en\/bilder-2\/bilder-recent\/bilder-soundwave-recent-works\/callas-2\/","title":{"rendered":"Callas 2"},"content":{"rendered":"<figure class=\"wp-block-image size-large\"><img loading=\"lazy\" decoding=\"async\" width=\"1012\" height=\"1024\" src=\"http:\/\/www.sheetmusic-kreidler.com\/wp-content\/uploads\/2024\/01\/Callas2-1-1-1012x1024.jpg\" alt=\"\" class=\"wp-image-118178\" srcset=\"https:\/\/www.sheetmusic-kreidler.com\/wp-content\/uploads\/2024\/01\/Callas2-1-1-1012x1024.jpg 1012w, https:\/\/www.sheetmusic-kreidler.com\/wp-content\/uploads\/2024\/01\/Callas2-1-1-296x300.jpg 296w, https:\/\/www.sheetmusic-kreidler.com\/wp-content\/uploads\/2024\/01\/Callas2-1-1-768x777.jpg 768w, https:\/\/www.sheetmusic-kreidler.com\/wp-content\/uploads\/2024\/01\/Callas2-1-1-1517x1536.jpg 1517w, https:\/\/www.sheetmusic-kreidler.com\/wp-content\/uploads\/2024\/01\/Callas2-1-1-12x12.jpg 12w, https:\/\/www.sheetmusic-kreidler.com\/wp-content\/uploads\/2024\/01\/Callas2-1-1.jpg 1638w\" sizes=\"auto, (max-width: 1012px) 100vw, 1012px\" \/><\/figure>\n\n\n\n<div style=\"height:35px\" aria-hidden=\"true\" class=\"wp-block-spacer\"><\/div>\n\n\n\n<h3 class=\"wp-block-heading\"><span style=\"color:#848484\" class=\"has-inline-color\"><strong>Callas 2<\/strong> (2023)<\/span><\/h3>\n\n\n\n<div style=\"height:20px\" aria-hidden=\"true\" class=\"wp-block-spacer\"><\/div>\n\n\n\n<p>acrylic on polyester<br \/>60x60cm<\/p>\n\n\n\n<div style=\"height:20px\" aria-hidden=\"true\" class=\"wp-block-spacer\"><\/div>\n\n\n\n<p>Moment aus einer Aufnahme von Maria Callas.<\/p>\n\n\n\n<div style=\"height:20px\" aria-hidden=\"true\" class=\"wp-block-spacer\"><\/div>\n\n\n\n<p>&#8222;Sch\u00f6nheit ist sch\u00f6n auch au\u00dfer sich, selbst objektiviert und als Fremdes. Ohne Liebhaber ihrer Kunst zu sein, ohne Wollust auf Tragik, \u00fcbersetzt in mein Hier, in Farbe, sehe ich noch im Bild der Stimmb\u00e4nder, was mir als Idee bekannt ist: die Sch\u00f6nste Stimme der Welt.&#8220; (JK)<\/p>\n\n\n\n<div style=\"height:35px\" aria-hidden=\"true\" class=\"wp-block-spacer\"><\/div>\n\n\n<style>#jtg-118177 .modula-item .jtg-social a, .lightbox-socials.jtg-social a{ fill: #ffffff; color: #ffffff }#jtg-118177 .modula-item .jtg-social-mobile a{ fill: #ffffff; color: #ffffff }#jtg-118177 .modula-item .jtg-social svg, .lightbox-socials.jtg-social svg { height: 16px; width: 16px }#jtg-118177 .modula-item .jtg-social-mobile svg { height: 16px; width: 16px }#jtg-118177 .modula-item .jtg-social a:not(:last-child), .lightbox-socials.jtg-social a:not(:last-child) { margin-right: 10px }#jtg-118177 .modula-item .jtg-social-mobile .jtg-social-mobile-icons a:not(:last-child){ margin-right: 10px }#jtg-118177 .modula-item .figc {color:#ffffff;}#jtg-118177 .modula-item .figc .jtg-title {  font-size: 16px; }#jtg-118177 .modula-item .modula-item-content { transform: scale(1) }#jtg-118177 .modula-items .figc p.description { font-size:12px; }#jtg-118177 .modula-items .figc p.description { color:#ffffff;}#jtg-118177.modula-gallery .modula-item > a, #jtg-118177.modula-gallery .modula-item, #jtg-118177.modula-gallery .modula-item-content > a:not(.modula-no-follow) { cursor:custom; } #jtg-118177.modula-gallery .modula-item-content .modula-no-follow { cursor: default; } #jtg-118177 .modula-item .modula-item-overlay, #jtg-118177 .modula-item.effect-layla, #jtg-118177  .modula-item.effect-ruby,#jtg-118177 .modula-item.effect-bubba,#jtg-118177 .modula-item.effect-sarah,#jtg-118177 .modula-item.effect-milo,#jtg-118177 .modula-item.effect-julia,#jtg-118177 .modula-item.effect-hera,#jtg-118177 .modula-item.effect-winston,#jtg-118177 .modula-item.effect-selena,#jtg-118177 .modula-item.effect-terry,#jtg-118177 .modula-item.effect-phoebe,#jtg-118177 .modula-item.effect-apollo{ background-color:#f4f4f4; }#jtg-118177  .modula-item.effect-oscar { background: -webkit-linear-gradient(45deg,#f4f4f4 0,#9b4a1b 40%,#f4f4f4 100%);background: linear-gradient(45deg,#f4f4f4 0,#9b4a1b 40%,#f4f4f4 100%);}#jtg-118177  .modula-item.effect-roxy {background: -webkit-linear-gradient(45deg,#f4f4f4 0,#05abe0 100%);background: linear-gradient(45deg,#f4f4f4 0,#05abe0 100%);}#jtg-118177 .modula-item.effect-dexter {background: -webkit-linear-gradient(top,#f4f4f4 0,rgba(104,60,19,1) 100%); background: linear-gradient(to bottom,#f4f4f4 0,rgba(104,60,19,1) 100%);}#jtg-118177  .modula-item.effect-jazz {background: -webkit-linear-gradient(-45deg,#f4f4f4 0,#f33f58 100%);background: linear-gradient(-45deg,#f4f4f4 0,#f33f58 100%);}#jtg-118177 .modula-item.effect-lexi {background: -webkit-linear-gradient(-45deg,#f4f4f4 0,#fff 100%);background: linear-gradient(-45deg,#f4f4f4 0,#fff 100%);}#jtg-118177 .modula-item.effect-duke {background: -webkit-linear-gradient(-45deg,#f4f4f4 0,#cc6055 100%);background: linear-gradient(-45deg,#f4f4f4 0,#cc6055 100%);}#jtg-118177 .modula-item.effect-ming .figc::before {border: 2px solid #f4f4f4; box-shadow: 0 0 0 100vmax rgba(244,244,244,0.4);}#jtg-118177 .modula-item:hover img { opacity: 0.6; }#jtg-118177 .modula-item > a, #jtg-118177 .modula-item, #jtg-118177 .modula-item-content > a { cursor:url(),auto ; } #jtg-118177 p.description {font-weight:normal; }#jtg-118177:not(.modula-loaded-scale)  .modula-item .modula-item-content { transform: scale(1) translate(0px,0px) rotate(0deg); }@keyframes modulaScaling { 0% {transform: scale(1) translate(0px,p0x) rotate(0deg);} 50%{transform: scale(1) translate(0px,0px) rotate(0deg);}100%{transform: scale(1) translate(0px,p0x) rotate(0deg);}}#jtg-118177.modula-gallery .filters { text-align: right;}#jtg-118177.modula-gallery .modula-item.effect-terry .jtg-social a:not(:last-child){margin-bottom:10px;}.modula-fancybox-container.modula-lightbox-jtg-118177 .modula-fancybox-caption .modula-fancybox-caption__body, .modula-fancybox-container.modula-lightbox-jtg-118177 .modula-fancybox-caption .modula-fancybox-caption__body p {text-align:center}html body .modula.modula-columns .modula-items.grid-gallery .modula-item.effect-under .modula-item-content { height:auto;}@media all and (max-width: 768px) { .modula-gallery .modula-item.effect-under.modula-caption-effect-item.jg-entry { margin-top: 10px; } }.modula-fancybox-container.modula-lightbox-jtg-118177 .fancybox__caption {align-self:center}.modula-fancybox-container.modula-lightbox-jtg-118177 {--fancybox-bg:rgba(12,12,12,0.98);--fancybox-opacity:1 !important;}#jtg-118177 .modula-download-all-button { text-align: center }#jtg-118177 .modula-download-all-button svg path { fill: #000; }#jtg-118177 .modula-video-icon {  position: absolute; width: 30px;top: 50%;left: 50%;transform: translate(-50%,-50%); }#jtg-118177 .modula-video-icon { width : 30px}@media screen and (max-width: 992px){ #jtg-118177 .modula-video-icon { width : 30px}}@media screen and (max-width: 768px) { #jtg-118177 .modula-video-icon { width : 30px}}#jtg-118177 + div.modula-navigation .modula-links-wrapper  a { color : #848484}#jtg-118177 + .modula-navigation .modula-links-wrapper .current{color:#cccccc}#jtg-118177 + div.modula-navigation .modula-links-wrapper {text-align:left}.modula-fancybox-container.modula-lightbox-jtg-118177 .fancybox__caption {align-self:center}@media screen and (max-width:480px){#jtg-118177 .modula-item .figc .jtg-title {  font-size: 12px; }#jtg-118177 .modula-items .figc p.description { color:#ffffff;font-size:10px; }}<\/style>\n<!-- Gallery Container -->\n<div  id=\"jtg-118177\" class=\"modula modula-gallery modula-custom-grid\" data-config=\"{&quot;height&quot;:800,&quot;tabletHeight&quot;:800,&quot;mobileHeight&quot;:800,&quot;desktopHeight&quot;:800,&quot;enableTwitter&quot;:false,&quot;enableWhatsapp&quot;:false,&quot;enableFacebook&quot;:false,&quot;enablePinterest&quot;:false,&quot;enableLinkedin&quot;:false,&quot;enableEmail&quot;:false,&quot;randomFactor&quot;:0.5,&quot;type&quot;:&quot;custom-grid&quot;,&quot;columns&quot;:12,&quot;gutter&quot;:10,&quot;mobileGutter&quot;:10,&quot;tabletGutter&quot;:10,&quot;desktopGutter&quot;:10,&quot;enableResponsive&quot;:&quot;0&quot;,&quot;tabletColumns&quot;:2,&quot;mobileColumns&quot;:1,&quot;lazyLoad&quot;:&quot;1&quot;,&quot;lightboxOpts&quot;:{&quot;animated&quot;:true,&quot;Thumbs&quot;:{&quot;type&quot;:&quot;modern&quot;,&quot;showOnStart&quot;:false,&quot;thumbTpl&quot;:&quot;&lt;button class=\\&quot;f-thumbs__slide__button\\&quot; tabindex=\\&quot;0\\&quot; type=\\&quot;button\\&quot; aria-label=\\&quot;{{GOTO}}\\&quot; data-carousel-index=\\&quot;%i\\&quot;&gt;\\n\\t\\t\\t\\t\\t\\t\\t\\t\\t\\t\\t\\t\\t\\t&lt;img class=\\&quot;f-thumbs__slide__img\\&quot; data-lazy-src=\\&quot;{{%s}}\\&quot; alt=\\&quot;\\&quot; \\\/&gt;\\n\\t\\t\\t\\t\\t\\t\\t\\t\\t\\t\\t\\t\\t\\t&lt;div class=\\&quot;modula-video-icon\\&quot;&gt;&lt;svg viewBox=\\&quot;0 0 24 24\\&quot; aria-hidden=\\&quot;true\\&quot; data-prefix=\\&quot;far\\&quot; data-icon=\\&quot;play-circle\\&quot; class=\\&quot;svg-inline--fa fa-play-circle fa-w-16\\&quot; role=\\&quot;img\\&quot; xmlns=\\&quot;http:\\\/\\\/www.w3.org\\\/2000\\\/svg\\&quot; &gt;&lt;path fill=\\&quot;#fff\\&quot; d=\\&quot;M 17.421875 11.15625 L 9.171875 6.140625 C 8.433594 5.726562 7.5 6.257812 7.5 7.125 L 7.5 16.875 C 7.5 17.738281 8.429688 18.273438 9.171875 17.859375 L 17.421875 13.125 C 18.191406 12.699219 18.191406 11.585938 17.421875 11.15625 Z M 23.625 12 C 23.625 5.578125 18.421875 0.375 12 0.375 C 5.578125 0.375 0.375 5.578125 0.375 12 C 0.375 18.421875 5.578125 23.625 12 23.625 C 18.421875 23.625 23.625 18.421875 23.625 12 Z M 2.625 12 C 2.625 6.820312 6.820312 2.625 12 2.625 C 17.179688 2.625 21.375 6.820312 21.375 12 C 21.375 17.179688 17.179688 21.375 12 21.375 C 6.820312 21.375 2.625 17.179688 2.625 12 Z M 2.625 12 \\&quot;&gt;&lt;\\\/path&gt;&lt;\\\/svg&gt;&lt;\\\/div&gt;\\n\\t\\t\\t\\t\\t\\t\\t\\t\\t\\t\\t\\t\\t&lt;\\\/button&gt;&quot;,&quot;position&quot;:&quot;bottom&quot;},&quot;Toolbar&quot;:{&quot;display&quot;:{&quot;right&quot;:[&quot;close&quot;],&quot;left&quot;:[&quot;infobar&quot;]},&quot;enabled&quot;:true},&quot;Carousel&quot;:{&quot;Panzoom&quot;:{&quot;touch&quot;:false},&quot;infinite&quot;:false,&quot;transition&quot;:&quot;fade&quot;},&quot;keyboard&quot;:{&quot;Escape&quot;:&quot;close&quot;,&quot;Delete&quot;:&quot;close&quot;,&quot;Backspace&quot;:&quot;close&quot;,&quot;PageUp&quot;:false,&quot;PageDown&quot;:false,&quot;ArrowUp&quot;:false,&quot;ArrowDown&quot;:false,&quot;ArrowRight&quot;:false,&quot;ArrowLeft&quot;:false},&quot;touch&quot;:false,&quot;backdropClick&quot;:false,&quot;l10n&quot;:{&quot;CLOSE&quot;:&quot;Close&quot;,&quot;NEXT&quot;:&quot;Next&quot;,&quot;PREV&quot;:&quot;Previous&quot;,&quot;Error&quot;:&quot;The requested content cannot be loaded. Please try again later.&quot;,&quot;PLAY_START&quot;:&quot;Start slideshow&quot;,&quot;PLAY_STOP&quot;:&quot;Pause slideshow&quot;,&quot;FULL_SCREEN&quot;:&quot;Full screen&quot;,&quot;THUMBS&quot;:&quot;Thumbnails&quot;,&quot;DOWNLOAD&quot;:&quot;Download&quot;,&quot;SHARE&quot;:&quot;Share&quot;,&quot;ZOOM&quot;:&quot;Zoom&quot;,&quot;EMAIL&quot;:&quot;Here is the link to the image : %%image_link%% and this is the link to the gallery : %%gallery_link%%&quot;,&quot;MODAL&quot;:&quot;You can close this modal content with the ESC key&quot;,&quot;ERROR&quot;:&quot;Something Went Wrong, Please Try Again Later&quot;,&quot;IMAGE_ERROR&quot;:&quot;Image Not Found&quot;,&quot;ELEMENT_NOT_FOUND&quot;:&quot;HTML Element Not Found&quot;,&quot;AJAX_NOT_FOUND&quot;:&quot;Error Loading AJAX : Not Found&quot;,&quot;AJAX_FORBIDDEN&quot;:&quot;Error Loading AJAX : Forbidden&quot;,&quot;IFRAME_ERROR&quot;:&quot;Error Loading Page&quot;,&quot;TOGGLE_ZOOM&quot;:&quot;Toggle zoom level&quot;,&quot;TOGGLE_THUMBS&quot;:&quot;Toggle thumbnails&quot;,&quot;TOGGLE_SLIDESHOW&quot;:&quot;Toggle slideshow&quot;,&quot;TOGGLE_FULLSCREEN&quot;:&quot;Toggle full-screen mode&quot;},&quot;Images&quot;:{&quot;Panzoom&quot;:{&quot;maxScale&quot;:2},&quot;protected&quot;:false},&quot;toolbar&quot;:true,&quot;wheel&quot;:false,&quot;animationEffect&quot;:&quot;false&quot;,&quot;transitionEffect&quot;:&quot;fade&quot;,&quot;Html&quot;:{&quot;videoAutoplay&quot;:0,&quot;videoTpl&quot;:&quot;&lt;video class=\\&quot;fancybox__html5video modula_html5_video\\&quot; controls muted playsinline controlsList controlsList=\\&quot;nodownload\\&quot; poster=\\&quot;{{poster}}\\&quot; src=\\&quot;{{src}}\\&quot; type=\\&quot;{{format}}\\&quot; &gt;  Sorry, your browser doesn&#039;t support embedded videos, &lt;a href=\\&quot;{{src}}\\&quot;&gt; download &lt;\\\/a&gt; and watch with your favorite video player! &lt;\\\/video&gt;&quot;},&quot;options&quot;:{&quot;protect&quot;:false},&quot;mainClass&quot;:&quot;modula-fancybox-container modula-lightbox-jtg-118177&quot;},&quot;inView&quot;:false,&quot;email_subject&quot;:&quot;Check out this awesome image !!&quot;,&quot;email_message&quot;:&quot;Here is the link to the image : %%image_link%% and this is the link to the gallery : %%gallery_link%%&quot;,&quot;lightbox&quot;:&quot;fancybox&quot;,&quot;filterClick&quot;:1,&quot;dropdownFilters&quot;:&quot;0&quot;,&quot;defaultActiveFilter&quot;:&quot;all&quot;,&quot;initLightbox&quot;:&quot;modula_pro_init_lightbox&quot;,&quot;haveFilters&quot;:0,&quot;lightbox_devices&quot;:&quot;both&quot;,&quot;options&quot;:{&quot;lightbox&quot;:&quot;fancybox&quot;},&quot;enableSlideshow&quot;:&quot;0&quot;,&quot;enableAutoplay&quot;:&quot;0&quot;,&quot;slideshowSpeed&quot;:&quot;5000&quot;,&quot;pauseOnHover&quot;:&quot;0&quot;,&quot;modula_deeplink&quot;:0,&quot;pagination&quot;:true,&quot;images_per_page&quot;:&quot;8&quot;,&quot;images_count&quot;:3}\">\n\n\t\n\t<!-- Items Container -->\n\t<div  class=\"modula-items\">\n\t\t<div class=\"modula-item effect-crafty jtg-filter-all jtg-filter-\" data-width=\"3\" data-height=\"3\" >\n\t<div class=\"modula-item-overlay\"><\/div>\n\n\t<div class=\"modula-item-content\">\n\n\t\t\t\t\n\t\t\t\t\t<a data-image-id=\"118178\" tabindex=\"0\" rel=\"jtg-118177\" data-caption=\"&lt;span class=&quot;modula-caption-description&quot;&gt;Callas 2&lt;\/span&gt;\" aria-label=\"Open image in lightbox\" role=\"button\" data-thumb=\"https:\/\/wp-modula.b-cdn.net\/spai\/q_lossy,ret_img,w_150,h_200\/https:\/\/www.sheetmusic-kreidler.com\/wp-content\/uploads\/2024\/01\/Callas2-1-1-150x200.jpg\" class=\"tile-inner modula-item-link\"><\/a>\n\t\t\n\t\t<img class=\"pic wp-image-118178 lazyload\"  data-valign=\"middle\" data-halign=\"center\" alt=\"\" data-full=\"https:\/\/wp-modula.b-cdn.net\/spai\/q_lossless,ret_img\/https:\/\/www.sheetmusic-kreidler.com\/wp-content\/uploads\/2024\/01\/Callas2-1-1.jpg\" title=\"Callas2-1\" width=\"296\" height=\"300\" data-src=\"https:\/\/wp-modula.b-cdn.net\/spai\/q_lossy,ret_img,w_296,h_300\/https:\/\/www.sheetmusic-kreidler.com\/wp-content\/uploads\/2024\/01\/Callas2-1-1-296x300.jpg\" data-caption=\"Callas 2\" data-source=\"modula\" data-srcset=\"https:\/\/wp-modula.b-cdn.net\/spai\/q_lossy,ret_img,w_1638,h_1658\/https:\/\/www.sheetmusic-kreidler.com\/wp-content\/uploads\/2024\/01\/Callas2-1-1.jpg 1638w, https:\/\/wp-modula.b-cdn.net\/spai\/q_lossy,ret_img,w_296,h_300\/https:\/\/www.sheetmusic-kreidler.com\/wp-content\/uploads\/2024\/01\/Callas2-1-1-296x300.jpg 296w, https:\/\/wp-modula.b-cdn.net\/spai\/q_lossy,ret_img,w_1012,h_1024\/https:\/\/www.sheetmusic-kreidler.com\/wp-content\/uploads\/2024\/01\/Callas2-1-1-1012x1024.jpg 1012w, https:\/\/wp-modula.b-cdn.net\/spai\/q_lossy,ret_img,w_768,h_777\/https:\/\/www.sheetmusic-kreidler.com\/wp-content\/uploads\/2024\/01\/Callas2-1-1-768x777.jpg 768w, https:\/\/wp-modula.b-cdn.net\/spai\/q_lossy,ret_img,w_1517,h_1536\/https:\/\/www.sheetmusic-kreidler.com\/wp-content\/uploads\/2024\/01\/Callas2-1-1-1517x1536.jpg 1517w, https:\/\/wp-modula.b-cdn.net\/spai\/q_lossy,ret_img,w_12,h_12\/https:\/\/www.sheetmusic-kreidler.com\/wp-content\/uploads\/2024\/01\/Callas2-1-1-12x12.jpg 12w\" data-sizes=\"(max-width: 296px) 100vw, 296px\" \/>\n\t\t<div class=\"figc\">\n\t\t\t<div class=\"figc-inner\">\n\t\t\t\t\t\t\t\t\t\t\t\t\t\t\t<\/div>\n\t\t<\/div>\n\n\t<\/div>\n\n<\/div><div class=\"modula-item effect-crafty jtg-filter-all jtg-filter-\" data-width=\"3\" data-height=\"3\" >\n\t<div class=\"modula-item-overlay\"><\/div>\n\n\t<div class=\"modula-item-content\">\n\n\t\t\t\t\n\t\t\t\t\t<a data-image-id=\"118179\" tabindex=\"0\" rel=\"jtg-118177\" data-caption=\"&lt;span class=&quot;modula-caption-description&quot;&gt;Callas 2 - Studio Johannes Kreidler&lt;\/span&gt;\" aria-label=\"Open image in lightbox\" role=\"button\" data-thumb=\"https:\/\/wp-modula.b-cdn.net\/spai\/q_lossy,ret_img,w_150,h_200\/https:\/\/www.sheetmusic-kreidler.com\/wp-content\/uploads\/2024\/01\/Callas2-2-150x200.jpg\" class=\"tile-inner modula-item-link\"><\/a>\n\t\t\n\t\t<img class=\"pic wp-image-118179 lazyload\"  data-valign=\"middle\" data-halign=\"center\" alt=\"\" data-full=\"https:\/\/wp-modula.b-cdn.net\/spai\/q_lossless,ret_img\/https:\/\/www.sheetmusic-kreidler.com\/wp-content\/uploads\/2024\/01\/Callas2-2.jpg\" title=\"Callas2-2\" data-caption=\"Callas 2 - Studio Johannes Kreidler\" data-source=\"modula\" data-src=\"https:\/\/wp-modula.b-cdn.net\/spai\/q_lossy,ret_img,w_198,h_300\/h\" width=\"198\" height=\"300\" data-srcset=\"https:\/\/wp-modula.b-cdn.net\/spai\/q_lossy,ret_img,w_1638,h_2483\/https:\/\/www.sheetmusic-kreidler.com\/wp-content\/uploads\/2024\/01\/Callas2-2.jpg 1638w, https:\/\/wp-modula.b-cdn.net\/spai\/q_lossy,ret_img,w_198,h_300\/https:\/\/www.sheetmusic-kreidler.com\/wp-content\/uploads\/2024\/01\/Callas2-2-198x300.jpg 198w, https:\/\/wp-modula.b-cdn.net\/spai\/q_lossy,ret_img,w_676,h_1024\/https:\/\/www.sheetmusic-kreidler.com\/wp-content\/uploads\/2024\/01\/Callas2-2-676x1024.jpg 676w, https:\/\/wp-modula.b-cdn.net\/spai\/q_lossy,ret_img,w_768,h_1164\/https:\/\/www.sheetmusic-kreidler.com\/wp-content\/uploads\/2024\/01\/Callas2-2-768x1164.jpg 768w, https:\/\/wp-modula.b-cdn.net\/spai\/q_lossy,ret_img,w_1013,h_1536\/https:\/\/www.sheetmusic-kreidler.com\/wp-content\/uploads\/2024\/01\/Callas2-2-1013x1536.jpg 1013w, https:\/\/wp-modula.b-cdn.net\/spai\/q_lossy,ret_img,w_1351,h_2048\/https:\/\/www.sheetmusic-kreidler.com\/wp-content\/uploads\/2024\/01\/Callas2-2-1351x2048.jpg 1351w, https:\/\/wp-modula.b-cdn.net\/spai\/q_lossy,ret_img,w_8,h_12\/https:\/\/www.sheetmusic-kreidler.com\/wp-content\/uploads\/2024\/01\/Callas2-2-8x12.jpg 8w\" data-sizes=\"(max-width: 198px) 100vw, 198px\" \/>\n\t\t<div class=\"figc\">\n\t\t\t<div class=\"figc-inner\">\n\t\t\t\t\t\t\t\t\t\t\t\t\t\t\t<\/div>\n\t\t<\/div>\n\n\t<\/div>\n\n<\/div><div class=\"modula-item effect-crafty jtg-filter-all jtg-filter-\" data-width=\"3\" data-height=\"3\" >\n\t<div class=\"modula-item-overlay\"><\/div>\n\n\t<div class=\"modula-item-content\">\n\n\t\t\t\t\n\t\t\t\t\t<a data-image-id=\"118180\" tabindex=\"0\" rel=\"jtg-118177\" data-caption=\"&lt;span class=&quot;modula-caption-description&quot;&gt;Callas 2 (Detail)&lt;\/span&gt;\" aria-label=\"Open image in lightbox\" role=\"button\" data-thumb=\"https:\/\/wp-modula.b-cdn.net\/spai\/q_lossy,ret_img,w_150,h_200\/https:\/\/www.sheetmusic-kreidler.com\/wp-content\/uploads\/2024\/01\/Callas2-3-150x200.jpg\" class=\"tile-inner modula-item-link\"><\/a>\n\t\t\n\t\t<img class=\"pic wp-image-118180 lazyload\"  data-valign=\"middle\" data-halign=\"center\" alt=\"\" data-full=\"https:\/\/wp-modula.b-cdn.net\/spai\/q_lossless,ret_img\/https:\/\/www.sheetmusic-kreidler.com\/wp-content\/uploads\/2024\/01\/Callas2-3.jpg\" title=\"Callas2-3\" data-caption=\"Callas 2 (Detail)\" data-source=\"modula\" data-src=\"https:\/\/wp-modula.b-cdn.net\/spai\/q_lossy,ret_img,w_300,h_200\/h\" width=\"300\" height=\"200\" data-srcset=\"https:\/\/wp-modula.b-cdn.net\/spai\/q_lossy,ret_img,w_1638,h_1092\/https:\/\/www.sheetmusic-kreidler.com\/wp-content\/uploads\/2024\/01\/Callas2-3.jpg 1638w, https:\/\/wp-modula.b-cdn.net\/spai\/q_lossy,ret_img,w_300,h_200\/https:\/\/www.sheetmusic-kreidler.com\/wp-content\/uploads\/2024\/01\/Callas2-3-300x200.jpg 300w, https:\/\/wp-modula.b-cdn.net\/spai\/q_lossy,ret_img,w_1024,h_683\/https:\/\/www.sheetmusic-kreidler.com\/wp-content\/uploads\/2024\/01\/Callas2-3-1024x683.jpg 1024w, https:\/\/wp-modula.b-cdn.net\/spai\/q_lossy,ret_img,w_768,h_512\/https:\/\/www.sheetmusic-kreidler.com\/wp-content\/uploads\/2024\/01\/Callas2-3-768x512.jpg 768w, https:\/\/wp-modula.b-cdn.net\/spai\/q_lossy,ret_img,w_1536,h_1024\/https:\/\/www.sheetmusic-kreidler.com\/wp-content\/uploads\/2024\/01\/Callas2-3-1536x1024.jpg 1536w, https:\/\/wp-modula.b-cdn.net\/spai\/q_lossy,ret_img,w_16,h_12\/https:\/\/www.sheetmusic-kreidler.com\/wp-content\/uploads\/2024\/01\/Callas2-3-16x12.jpg 16w\" data-sizes=\"(max-width: 300px) 100vw, 300px\" \/>\n\t\t<div class=\"figc\">\n\t\t\t<div class=\"figc-inner\">\n\t\t\t\t\t\t\t\t\t\t\t\t\t\t\t<\/div>\n\t\t<\/div>\n\n\t<\/div>\n\n<\/div>\t\t\n\t<\/div>\n\n\t\n\t\n\t<script type=\"application\/ld+json\">\n\t{\n\t\t\"@context\": \"http:\/\/schema.org\",\n\t\t\"@type\"   : \"ImageGallery\",\n\t\t\"id\"      : \"https:\/\/www.sheetmusic-kreidler.com\/en\/bilder-2\/bilder-recent\/bilder-soundwave-recent-works\/callas-2\/\",\n\t\t\"url\"     : \"https:\/\/www.sheetmusic-kreidler.com\/en\/bilder-2\/bilder-recent\/bilder-soundwave-recent-works\/callas-2\/\"\n\t}\n\n\t<\/script>\n\n\t\n<\/div><div class=\"modula-navigation pagination jtg-118177\"><div class=\"modula-links-wrapper nav-links\"><\/div><\/div>\n\n\n<div style=\"height:35px\" aria-hidden=\"true\" class=\"wp-block-spacer\"><\/div>\n\n\n\n<div class=\"wp-block-buttons is-layout-flex wp-block-buttons-is-layout-flex\">\n<div class=\"wp-block-button is-style-outline is-style-outline--1\"><a class=\"wp-block-button__link\" href=\"http:\/\/www.sheetmusic-kreidler.com\/en\/bilder-2\/bilder-recent\/bilder-soundwave-recent-works\/\" style=\"border-radius:3px\">\u25c0\ufe0e\u25c0\ufe0e<\/a><\/div>\n\n\n\n<div class=\"wp-block-button is-style-outline is-style-outline--2\"><a class=\"wp-block-button__link no-border-radius\" href=\"http:\/\/www.sheetmusic-kreidler.com\/en\/cosine-rose-2\/\">\u25c0\ufe0e<\/a><\/div>\n\n\n\n<div class=\"wp-block-button is-style-outline is-style-outline--3\"><a class=\"wp-block-button__link no-border-radius\" href=\"http:\/\/www.sheetmusic-kreidler.com\/en\/bilder-2\/bilder-recent\/bilder-soundwave-recent-works\/self-portraits-with-red-sound-wave\/\">\u25b6\ufe0e<\/a><\/div>\n<\/div>","protected":false},"excerpt":{"rendered":"<p>Callas 2 (2023) Acryl auf Polyester60x60cm Moment aus einer Aufnahme von Maria Callas. &#8222;Sch\u00f6nheit ist sch\u00f6n auch au\u00dfer sich, selbst objektiviert und als Fremdes. Ohne Liebhaber ihrer Kunst zu sein, ohne Wollust auf Tragik, \u00fcbersetzt in mein Hier, in Farbe, sehe ich noch im Bild der Stimmb\u00e4nder, was mir als Idee bekannt ist: die Sch\u00f6nste [&hellip;]<\/p>","protected":false},"author":2,"featured_media":0,"parent":117005,"menu_order":0,"comment_status":"closed","ping_status":"closed","template":"","meta":{"footnotes":""},"class_list":["post-118174","page","type-page","status-publish","hentry"],"_links":{"self":[{"href":"https:\/\/www.sheetmusic-kreidler.com\/en\/wp-json\/wp\/v2\/pages\/118174","targetHints":{"allow":["GET"]}}],"collection":[{"href":"https:\/\/www.sheetmusic-kreidler.com\/en\/wp-json\/wp\/v2\/pages"}],"about":[{"href":"https:\/\/www.sheetmusic-kreidler.com\/en\/wp-json\/wp\/v2\/types\/page"}],"author":[{"embeddable":true,"href":"https:\/\/www.sheetmusic-kreidler.com\/en\/wp-json\/wp\/v2\/users\/2"}],"replies":[{"embeddable":true,"href":"https:\/\/www.sheetmusic-kreidler.com\/en\/wp-json\/wp\/v2\/comments?post=118174"}],"version-history":[{"count":6,"href":"https:\/\/www.sheetmusic-kreidler.com\/en\/wp-json\/wp\/v2\/pages\/118174\/revisions"}],"predecessor-version":[{"id":118366,"href":"https:\/\/www.sheetmusic-kreidler.com\/en\/wp-json\/wp\/v2\/pages\/118174\/revisions\/118366"}],"up":[{"embeddable":true,"href":"https:\/\/www.sheetmusic-kreidler.com\/en\/wp-json\/wp\/v2\/pages\/117005"}],"wp:attachment":[{"href":"https:\/\/www.sheetmusic-kreidler.com\/en\/wp-json\/wp\/v2\/media?parent=118174"}],"curies":[{"name":"wp","href":"https:\/\/api.w.org\/{rel}","templated":true}]}}