{"id":118881,"date":"2025-10-11T19:26:57","date_gmt":"2025-10-11T18:26:57","guid":{"rendered":"https:\/\/www.sheetmusic-kreidler.com\/?page_id=118881"},"modified":"2025-11-01T21:52:29","modified_gmt":"2025-11-01T20:52:29","slug":"wind-instruments","status":"publish","type":"page","link":"https:\/\/www.sheetmusic-kreidler.com\/en\/motor-instruments\/wind-instruments\/","title":{"rendered":"Wind Instruments"},"content":{"rendered":"<figure class=\"wp-block-image size-large\"><img decoding=\"async\" src=\"http:\/\/www.sheetmusic-kreidler.com\/wp-content\/uploads\/2025\/10\/WM_cover-1024x1021.jpg\" alt=\"\" class=\"wp-image-119032\"\/><\/figure>\n\n\n\n<div style=\"height:35px\" aria-hidden=\"true\" class=\"wp-block-spacer\"><\/div>\n\n\n\n<h3 class=\"wp-block-heading\"><span style=\"color:#848484\" class=\"has-inline-color\"><strong>Wind Instruments <\/strong> (2024)<\/span><\/h3>\n\n\n\n<div style=\"height:20px\" aria-hidden=\"true\" class=\"wp-block-spacer\"><\/div>\n\n\n\n<p>Motor-controlled wind machines<\/p>\n\n\n\n<div style=\"height:20px\" aria-hidden=\"true\" class=\"wp-block-spacer\"><\/div>\n\n\n\n<p>\"Composed wind, in the ear of the hurricane and the whisper, tamed-yet-untamed nature. Sound is blown into the face here, felt directly as pressure; the howling is a blowing, a choir of merciless meteorological force.\"<br \/>(JK)<br \/><\/p>\n\n\n\n<div style=\"height:20px\" aria-hidden=\"true\" class=\"wp-block-spacer\"><\/div>\n\n\n\n<figure class=\"wp-block-embed is-type-video is-provider-youtube wp-block-embed-youtube wp-embed-aspect-16-9 wp-has-aspect-ratio\"><div class=\"wp-block-embed__wrapper\">\n<iframe loading=\"lazy\" title=\"Tempest Sonata\" width=\"500\" height=\"281\" src=\"https:\/\/www.youtube.com\/embed\/2xV3VjXfZ-o?feature=oembed\" frameborder=\"0\" allow=\"accelerometer; autoplay; clipboard-write; encrypted-media; gyroscope; picture-in-picture; web-share\" referrerpolicy=\"strict-origin-when-cross-origin\" allowfullscreen><\/iframe>\n<\/div><\/figure>\n\n\n\n<figure class=\"wp-block-embed is-type-video is-provider-youtube wp-block-embed-youtube wp-embed-aspect-16-9 wp-has-aspect-ratio\"><div class=\"wp-block-embed__wrapper\">\n<iframe loading=\"lazy\" title=\"Hair Blowers (JET WHISTLES Strasbourg)\" width=\"500\" height=\"281\" src=\"https:\/\/www.youtube.com\/embed\/Gw89T4KLb3E?feature=oembed\" frameborder=\"0\" allow=\"accelerometer; autoplay; clipboard-write; encrypted-media; gyroscope; picture-in-picture; web-share\" referrerpolicy=\"strict-origin-when-cross-origin\" allowfullscreen><\/iframe>\n<\/div><\/figure>\n\n\n\n<div style=\"height:20px\" aria-hidden=\"true\" class=\"wp-block-spacer\"><\/div>\n\n\n\n<p><strong>In Exhibition<\/strong>:<br \/>\u25a0 <a href=\"https:\/\/www.sheetmusic-kreidler.com\/en\/installationen-2\/jet-whistles-the-grand-exhalation\/\">Solo exhibition \"JET WHISTLES \/ THE GRAND EXHALATION\u201c Ultima Festival, 11-14.09.2025<\/a><br \/>\u25a0 <a href=\"https:\/\/www.sheetmusic-kreidler.com\/en\/installationen-2\/jet-whistles-the-grand-exhalation\/\">Solo exhibition \u201eTHUNDER SHEET MACHINE \/ LE GRAND SOUFFLE\u201c Musica Strasbourg Festival 20.09. \u2013 04.10.2025<\/a><\/p>\n\n\n\n<p><\/p>\n\n\n\n<div style=\"height:35px\" aria-hidden=\"true\" class=\"wp-block-spacer\"><\/div>\n\n\n\n\n<div style=\"height:35px\" aria-hidden=\"true\" class=\"wp-block-spacer\"><\/div>\n\n\n<div class=\"wp-block-buttons is-layout-flex wp-block-buttons-is-layout-flex\">\n<div class=\"wp-block-button is-style-outline is-style-outline--1\"><a class=\"wp-block-button__link wp-element-button\" href=\"https:\/\/www.sheetmusic-kreidler.com\/en\/motor-instruments\/\" style=\"border-radius:3px\">\u25c0\ufe0e\u25c0\ufe0e<\/a><\/div>\n\n\n\n<div class=\"wp-block-button is-style-outline is-style-outline--2\"><a class=\"wp-block-button__link wp-element-button\" href=\"https:\/\/www.sheetmusic-kreidler.com\/en\/motor-instruments\/ruminating-machine-gruebelmaschine\/\">\u25c0\ufe0e<\/a><\/div>\n\n\n\n<div class=\"wp-block-button is-style-outline is-style-outline--3\"><a class=\"wp-block-button__link wp-element-button\" href=\"https:\/\/www.sheetmusic-kreidler.com\/en\/motor-instruments\/seufzermaschine\/\">\u25b6\ufe0e<\/a><\/div>\n<\/div>","protected":false},"excerpt":{"rendered":"<p>Wind Instruments (2024) Motorisiert angesteuerte Windmaschinen &#8222;Komponierter Wind, im Ohr des Orkans und des S\u00e4uselns, geb\u00e4ndigt-unb\u00e4ndige Natur. Klang wird hier ins Gesicht geblasen, als Druck direkt gesp\u00fcrt, das Heulen ist ein Wehen, ein Chor der unbarmherzigen meteorologischen Gewalt.&#8220;(JK) Ausstellungen:\u25a0 Einzelausstellung \u201eJET WHISTLES \/ The Great Exhalation\u201c beim ULTIMA Festival (Oslo, Norwegen), 11-14.09.2025\u25a0 Einzelausstellung \u201eThunder Sheet [&hellip;]<\/p>","protected":false},"author":2,"featured_media":0,"parent":118842,"menu_order":5,"comment_status":"closed","ping_status":"closed","template":"","meta":{"footnotes":""},"class_list":["post-118881","page","type-page","status-publish","hentry"],"_links":{"self":[{"href":"https:\/\/www.sheetmusic-kreidler.com\/en\/wp-json\/wp\/v2\/pages\/118881","targetHints":{"allow":["GET"]}}],"collection":[{"href":"https:\/\/www.sheetmusic-kreidler.com\/en\/wp-json\/wp\/v2\/pages"}],"about":[{"href":"https:\/\/www.sheetmusic-kreidler.com\/en\/wp-json\/wp\/v2\/types\/page"}],"author":[{"embeddable":true,"href":"https:\/\/www.sheetmusic-kreidler.com\/en\/wp-json\/wp\/v2\/users\/2"}],"replies":[{"embeddable":true,"href":"https:\/\/www.sheetmusic-kreidler.com\/en\/wp-json\/wp\/v2\/comments?post=118881"}],"version-history":[{"count":7,"href":"https:\/\/www.sheetmusic-kreidler.com\/en\/wp-json\/wp\/v2\/pages\/118881\/revisions"}],"predecessor-version":[{"id":119440,"href":"https:\/\/www.sheetmusic-kreidler.com\/en\/wp-json\/wp\/v2\/pages\/118881\/revisions\/119440"}],"up":[{"embeddable":true,"href":"https:\/\/www.sheetmusic-kreidler.com\/en\/wp-json\/wp\/v2\/pages\/118842"}],"wp:attachment":[{"href":"https:\/\/www.sheetmusic-kreidler.com\/en\/wp-json\/wp\/v2\/media?parent=118881"}],"curies":[{"name":"wp","href":"https:\/\/api.w.org\/{rel}","templated":true}]}}