{"id":118894,"date":"2025-10-11T19:37:24","date_gmt":"2025-10-11T18:37:24","guid":{"rendered":"https:\/\/www.sheetmusic-kreidler.com\/?page_id=118894"},"modified":"2025-11-01T21:55:25","modified_gmt":"2025-11-01T20:55:25","slug":"motor-flexatones","status":"publish","type":"page","link":"https:\/\/www.sheetmusic-kreidler.com\/en\/motor-instruments\/motor-flexatones\/","title":{"rendered":"Motor Flexatones"},"content":{"rendered":"<figure class=\"wp-block-image size-full\"><img loading=\"lazy\" decoding=\"async\" width=\"787\" height=\"1348\" src=\"https:\/\/www.sheetmusic-kreidler.com\/wp-content\/uploads\/2025\/10\/flex.jpg\" alt=\"\" class=\"wp-image-119145\" srcset=\"https:\/\/www.sheetmusic-kreidler.com\/wp-content\/uploads\/2025\/10\/flex.jpg 787w, https:\/\/www.sheetmusic-kreidler.com\/wp-content\/uploads\/2025\/10\/flex-175x300.jpg 175w, https:\/\/www.sheetmusic-kreidler.com\/wp-content\/uploads\/2025\/10\/flex-598x1024.jpg 598w, https:\/\/www.sheetmusic-kreidler.com\/wp-content\/uploads\/2025\/10\/flex-768x1315.jpg 768w, https:\/\/www.sheetmusic-kreidler.com\/wp-content\/uploads\/2025\/10\/flex-7x12.jpg 7w\" sizes=\"auto, (max-width: 787px) 100vw, 787px\" \/><\/figure>\n\n\n\n<div style=\"height:35px\" aria-hidden=\"true\" class=\"wp-block-spacer\"><\/div>\n\n\n\n<h3 class=\"wp-block-heading\"><span style=\"color:#848484\" class=\"has-inline-color\"><strong>Motor Flexatones <\/strong> (2024)<\/span><\/h3>\n\n\n\n<p>7 flexatones of different sizes, struck by motors.<\/p>\n\n\n\n<div style=\"height:20px\" aria-hidden=\"true\" class=\"wp-block-spacer\"><\/div>\n\n\n\n<p>\"Audible bends, curved matter\u2014struck hard. Clanging and ringing, stretching and releasing; this is composed here, this is machinic work. Heavy pliability as a musical parameter is physically very concrete here, and yet also metaphorical; while it is made easy and hard at the same time to grasp the symbolism.\"<br \/>(JK)<\/p>\n\n\n\n<p><\/p>\n\n\n\n<div style=\"height:20px\" aria-hidden=\"true\" class=\"wp-block-spacer\"><\/div>\n\n\n\n<figure class=\"wp-block-embed is-type-video is-provider-youtube wp-block-embed-youtube wp-embed-aspect-4-3 wp-has-aspect-ratio\"><div class=\"wp-block-embed__wrapper\">\n<iframe loading=\"lazy\" title=\"BENDS for motor flexatones - Johannes Kreidler\" width=\"500\" height=\"375\" src=\"https:\/\/www.youtube.com\/embed\/Cls_nyoZtHA?feature=oembed\" frameborder=\"0\" allow=\"accelerometer; autoplay; clipboard-write; encrypted-media; gyroscope; picture-in-picture; web-share\" referrerpolicy=\"strict-origin-when-cross-origin\" allowfullscreen><\/iframe>\n<\/div><\/figure>\n\n\n\n<div style=\"height:25px\" aria-hidden=\"true\" class=\"wp-block-spacer\"><\/div>\n\n\n\n<p><br \/><\/p>\n\n\n\n<div style=\"height:20px\" aria-hidden=\"true\" class=\"wp-block-spacer\"><\/div>\n\n\n\n<p><\/p>\n\n\n\n\n<div style=\"height:35px\" aria-hidden=\"true\" class=\"wp-block-spacer\"><\/div>\n\n\n<div class=\"wp-block-buttons is-layout-flex wp-block-buttons-is-layout-flex\">\n<div class=\"wp-block-button is-style-outline is-style-outline--1\"><a class=\"wp-block-button__link wp-element-button\" href=\"https:\/\/www.sheetmusic-kreidler.com\/en\/motor-instruments\/\" style=\"border-radius:3px\">\u25c0\ufe0e\u25c0\ufe0e<\/a><\/div>\n\n\n\n<div class=\"wp-block-button is-style-outline is-style-outline--2\"><a class=\"wp-block-button__link wp-element-button\" href=\"https:\/\/www.sheetmusic-kreidler.com\/en\/motor-instruments\/equilibrophone\/\">\u25c0\ufe0e<\/a><\/div>\n\n\n\n<div class=\"wp-block-button is-style-outline is-style-outline--3\"><a class=\"wp-block-button__link wp-element-button\" href=\"https:\/\/www.sheetmusic-kreidler.com\/en\/motor-instruments\/motor-flexatones\/\">\u25b6\ufe0e<\/a><\/div>\n<\/div>","protected":false},"excerpt":{"rendered":"<p>Motor Flexatones (2024) 7 Flexatons unterschiedlicher Gr\u00f6\u00dfe, motorisiert angeschlagen. &#8222;H\u00f6rbare Biegungen, gekr\u00fcmmte Materie &#8211; hart angeschlagen. Ein Kl\u00f6ppeln und Klingeln, Dehnen und Freilassen, das ist hier komponiert, das ist hier Maschinenwerk. Schwere Biegsamkeit als musikalischer Parameter ist hier physisch sehr konkret und doch auch Metapher; gleichwohl es einem leicht und schwer gemacht ist, Symbolik zu [&hellip;]<\/p>","protected":false},"author":2,"featured_media":0,"parent":118842,"menu_order":8,"comment_status":"closed","ping_status":"closed","template":"","meta":{"footnotes":""},"class_list":["post-118894","page","type-page","status-publish","hentry"],"_links":{"self":[{"href":"https:\/\/www.sheetmusic-kreidler.com\/en\/wp-json\/wp\/v2\/pages\/118894","targetHints":{"allow":["GET"]}}],"collection":[{"href":"https:\/\/www.sheetmusic-kreidler.com\/en\/wp-json\/wp\/v2\/pages"}],"about":[{"href":"https:\/\/www.sheetmusic-kreidler.com\/en\/wp-json\/wp\/v2\/types\/page"}],"author":[{"embeddable":true,"href":"https:\/\/www.sheetmusic-kreidler.com\/en\/wp-json\/wp\/v2\/users\/2"}],"replies":[{"embeddable":true,"href":"https:\/\/www.sheetmusic-kreidler.com\/en\/wp-json\/wp\/v2\/comments?post=118894"}],"version-history":[{"count":14,"href":"https:\/\/www.sheetmusic-kreidler.com\/en\/wp-json\/wp\/v2\/pages\/118894\/revisions"}],"predecessor-version":[{"id":119445,"href":"https:\/\/www.sheetmusic-kreidler.com\/en\/wp-json\/wp\/v2\/pages\/118894\/revisions\/119445"}],"up":[{"embeddable":true,"href":"https:\/\/www.sheetmusic-kreidler.com\/en\/wp-json\/wp\/v2\/pages\/118842"}],"wp:attachment":[{"href":"https:\/\/www.sheetmusic-kreidler.com\/en\/wp-json\/wp\/v2\/media?parent=118894"}],"curies":[{"name":"wp","href":"https:\/\/api.w.org\/{rel}","templated":true}]}}