{"id":119023,"date":"2025-10-26T15:00:34","date_gmt":"2025-10-26T14:00:34","guid":{"rendered":"https:\/\/www.sheetmusic-kreidler.com\/?page_id=119023"},"modified":"2025-11-01T21:54:55","modified_gmt":"2025-11-01T20:54:55","slug":"equilibrophone","status":"publish","type":"page","link":"https:\/\/www.sheetmusic-kreidler.com\/en\/motor-instruments\/equilibrophone\/","title":{"rendered":"Equilibrophone"},"content":{"rendered":"<figure class=\"wp-block-image size-full\"><img loading=\"lazy\" decoding=\"async\" width=\"634\" height=\"356\" src=\"http:\/\/www.sheetmusic-kreidler.com\/wp-content\/uploads\/2025\/10\/equi-witten.jpg\" alt=\"\" class=\"wp-image-119141\" style=\"aspect-ratio:4\/3;object-fit:cover\" srcset=\"https:\/\/www.sheetmusic-kreidler.com\/wp-content\/uploads\/2025\/10\/equi-witten.jpg 634w, https:\/\/www.sheetmusic-kreidler.com\/wp-content\/uploads\/2025\/10\/equi-witten-300x168.jpg 300w, https:\/\/www.sheetmusic-kreidler.com\/wp-content\/uploads\/2025\/10\/equi-witten-18x10.jpg 18w\" sizes=\"auto, (max-width: 634px) 100vw, 634px\" \/><\/figure>\n\n\n\n<div style=\"height:35px\" aria-hidden=\"true\" class=\"wp-block-spacer\"><\/div>\n\n\n\n<h3 class=\"wp-block-heading\"><span style=\"color:#848484\" class=\"has-inline-color\"><strong>Equilibrophone <\/strong> (2025)<\/span><\/h3>\n\n\n\n<div style=\"height:20px\" aria-hidden=\"true\" class=\"wp-block-spacer\"><\/div>\n\n\n\n<p>Motorized rails with glass and other balls. Resonators of different sizes produce different pitches and timbres.<\/p>\n\n\n\n<div style=\"height:20px\" aria-hidden=\"true\" class=\"wp-block-spacer\"><\/div>\n\n\n\n<p>\"A rubbing, also a whispering, almost a sigh, with which the balls are lifted from left to right and from right to left, balanced, back and forth. <br \/>Other arrangements are also conceivable: the curved track, coupled scales, seesaws throughout the space. As deterministic as the processes may seem, when compared closely one can see countless deviations, inertias, weight, and resistance.\"<br \/>(JK)<\/p>\n\n\n\n<div style=\"height:20px\" aria-hidden=\"true\" class=\"wp-block-spacer\"><\/div>\n\n\n<p><iframe loading=\"lazy\" src=\"https:\/\/www.facebook.com\/plugins\/video.php?height=314&#038;href=https%3A%2F%2Fwww.facebook.com%2Fjohannes.kreidler%2Fvideos%2F1075839831119134%2F&#038;show_text=false&#038;width=560&#038;t=0\" width=\"560\" height=\"314\" style=\"border:none;overflow:hidden\" scrolling=\"no\" frameborder=\"0\" allowfullscreen=\"true\" allow=\"autoplay; clipboard-write; encrypted-media; picture-in-picture; web-share\"><\/iframe><\/p>\n\n\n\n<p>Excerpt from SEUFZ,&nbsp;Wittener Tage f\u00fcr Neue Kammermusik, May 2025<\/p>\n\n\n\n<div style=\"height:25px\" aria-hidden=\"true\" class=\"wp-block-spacer\"><\/div>\n\n\n<style>#jtg-119137 .modula-item .jtg-social a, .lightbox-socials.jtg-social a{ fill: #ffffff; color: #ffffff }#jtg-119137 .modula-item .jtg-social-mobile a{ fill: #ffffff; color: #ffffff }#jtg-119137 .modula-item .jtg-social svg, .lightbox-socials.jtg-social svg { height: 16px; width: 16px }#jtg-119137 .modula-item .jtg-social-mobile svg { height: 16px; width: 16px }#jtg-119137 .modula-item .jtg-social a:not(:last-child), .lightbox-socials.jtg-social a:not(:last-child) { margin-right: 10px }#jtg-119137 .modula-item .jtg-social-mobile .jtg-social-mobile-icons a:not(:last-child){ margin-right: 10px }#jtg-119137 .modula-item .figc {color:#050505;}#jtg-119137 .modula-item .figc .jtg-title {  font-size: 20px; }#jtg-119137 .modula-item .modula-item-content { transform: scale(1) }#jtg-119137 .modula-items .figc p.description { font-size:20px; }#jtg-119137 .modula-items .figc p.description { color:#050505;}#jtg-119137 .modula-items .figc .jtg-title { color:#606060; }#jtg-119137.modula-gallery .modula-item > a, #jtg-119137.modula-gallery .modula-item, #jtg-119137.modula-gallery .modula-item-content > a:not(.modula-no-follow) { cursor:custom; } #jtg-119137.modula-gallery .modula-item-content .modula-no-follow { cursor: default; } #jtg-119137 .modula-item .modula-item-overlay, #jtg-119137 .modula-item.effect-layla, #jtg-119137  .modula-item.effect-ruby,#jtg-119137 .modula-item.effect-bubba,#jtg-119137 .modula-item.effect-sarah,#jtg-119137 .modula-item.effect-milo,#jtg-119137 .modula-item.effect-julia,#jtg-119137 .modula-item.effect-hera,#jtg-119137 .modula-item.effect-winston,#jtg-119137 .modula-item.effect-selena,#jtg-119137 .modula-item.effect-terry,#jtg-119137 .modula-item.effect-phoebe,#jtg-119137 .modula-item.effect-apollo{ background-color:#f4f4f4; }#jtg-119137  .modula-item.effect-oscar { background: -webkit-linear-gradient(45deg,#f4f4f4 0,#9b4a1b 40%,#f4f4f4 100%);background: linear-gradient(45deg,#f4f4f4 0,#9b4a1b 40%,#f4f4f4 100%);}#jtg-119137  .modula-item.effect-roxy {background: -webkit-linear-gradient(45deg,#f4f4f4 0,#05abe0 100%);background: linear-gradient(45deg,#f4f4f4 0,#05abe0 100%);}#jtg-119137 .modula-item.effect-dexter {background: -webkit-linear-gradient(top,#f4f4f4 0,rgba(104,60,19,1) 100%); background: linear-gradient(to bottom,#f4f4f4 0,rgba(104,60,19,1) 100%);}#jtg-119137  .modula-item.effect-jazz {background: -webkit-linear-gradient(-45deg,#f4f4f4 0,#f33f58 100%);background: linear-gradient(-45deg,#f4f4f4 0,#f33f58 100%);}#jtg-119137 .modula-item.effect-lexi {background: -webkit-linear-gradient(-45deg,#f4f4f4 0,#fff 100%);background: linear-gradient(-45deg,#f4f4f4 0,#fff 100%);}#jtg-119137 .modula-item.effect-duke {background: -webkit-linear-gradient(-45deg,#f4f4f4 0,#cc6055 100%);background: linear-gradient(-45deg,#f4f4f4 0,#cc6055 100%);}#jtg-119137 .modula-item.effect-ming .figc::before {border: 2px solid #f4f4f4; box-shadow: 0 0 0 100vmax rgba(244,244,244,0.4);}#jtg-119137 .modula-item:hover img { opacity: 0.6; }#jtg-119137 .modula-item > a, #jtg-119137 .modula-item, #jtg-119137 .modula-item-content > a { cursor:url(),auto ; } #jtg-119137 .jtg-title {font-weight:700; }#jtg-119137 p.description {font-weight:700; }#jtg-119137:not(.modula-loaded-scale)  .modula-item .modula-item-content { transform: scale(1) translate(0px,0px) rotate(0deg); }@keyframes modulaScaling { 0% {transform: scale(1) translate(0px,p0x) rotate(0deg);} 50%{transform: scale(1) translate(0px,0px) rotate(0deg);}100%{transform: scale(1) translate(0px,p0x) rotate(0deg);}}#jtg-119137.modula-gallery .filters { text-align: right;}#jtg-119137.modula-gallery .modula-item.effect-terry .jtg-social a:not(:last-child){margin-bottom:10px;}.modula-fancybox-container.modula-lightbox-jtg-119137 .modula-fancybox-caption .modula-fancybox-caption__body, .modula-fancybox-container.modula-lightbox-jtg-119137 .modula-fancybox-caption .modula-fancybox-caption__body p {text-align:center}html body .modula.modula-columns .modula-items.grid-gallery .modula-item.effect-under .modula-item-content { height:auto;}@media all and (max-width: 768px) { .modula-gallery .modula-item.effect-under.modula-caption-effect-item.jg-entry { margin-top: 10px; } }.modula-fancybox-container.modula-lightbox-jtg-119137 .fancybox__caption {align-self:center}.modula-fancybox-container.modula-lightbox-jtg-119137 {--fancybox-bg:rgba(12,12,12,0.98);--fancybox-opacity:1 !important;}#jtg-119137 .modula-download-all-button { text-align: center }#jtg-119137 .modula-download-all-button svg path { fill: #000; }#jtg-119137 .modula-video-icon {  position: absolute; width: 30px;top: 50%;left: 50%;transform: translate(-50%,-50%); }#jtg-119137 .modula-video-icon { width : 30px}@media screen and (max-width: 992px){ #jtg-119137 .modula-video-icon { width : 30px}}@media screen and (max-width: 768px) { #jtg-119137 .modula-video-icon { width : 30px}}#jtg-119137 + div.modula-navigation .modula-links-wrapper  a { color : #848484}#jtg-119137 + .modula-navigation .modula-links-wrapper .current{color:#cccccc}#jtg-119137 + div.modula-navigation .modula-links-wrapper {text-align:left}.modula-fancybox-container.modula-lightbox-jtg-119137 .fancybox__caption {align-self:center}@media screen and (max-width:480px){#jtg-119137 .modula-item .figc .jtg-title {  font-size: 12px; }#jtg-119137 .modula-items .figc p.description { color:#050505;font-size:10px; }}<\/style>\n<!-- Gallery Container -->\n<div  id=\"jtg-119137\" class=\"modula modula-gallery modula-custom-grid\" data-config=\"{&quot;height&quot;:800,&quot;tabletHeight&quot;:800,&quot;mobileHeight&quot;:800,&quot;desktopHeight&quot;:800,&quot;enableTwitter&quot;:false,&quot;enableWhatsapp&quot;:false,&quot;enableFacebook&quot;:false,&quot;enablePinterest&quot;:false,&quot;enableLinkedin&quot;:false,&quot;enableEmail&quot;:false,&quot;randomFactor&quot;:0.5,&quot;type&quot;:&quot;custom-grid&quot;,&quot;columns&quot;:12,&quot;gutter&quot;:10,&quot;mobileGutter&quot;:10,&quot;tabletGutter&quot;:10,&quot;desktopGutter&quot;:10,&quot;enableResponsive&quot;:&quot;0&quot;,&quot;tabletColumns&quot;:2,&quot;mobileColumns&quot;:1,&quot;lazyLoad&quot;:&quot;1&quot;,&quot;lightboxOpts&quot;:{&quot;animated&quot;:true,&quot;Thumbs&quot;:{&quot;type&quot;:&quot;modern&quot;,&quot;showOnStart&quot;:false,&quot;thumbTpl&quot;:&quot;&lt;button class=\\&quot;f-thumbs__slide__button\\&quot; tabindex=\\&quot;0\\&quot; type=\\&quot;button\\&quot; aria-label=\\&quot;{{GOTO}}\\&quot; data-carousel-index=\\&quot;%i\\&quot;&gt;\\n\\t\\t\\t\\t\\t\\t\\t\\t\\t\\t\\t\\t\\t\\t&lt;img class=\\&quot;f-thumbs__slide__img\\&quot; data-lazy-src=\\&quot;{{%s}}\\&quot; alt=\\&quot;\\&quot; \\\/&gt;\\n\\t\\t\\t\\t\\t\\t\\t\\t\\t\\t\\t\\t\\t\\t&lt;div class=\\&quot;modula-video-icon\\&quot;&gt;&lt;svg viewBox=\\&quot;0 0 24 24\\&quot; aria-hidden=\\&quot;true\\&quot; data-prefix=\\&quot;far\\&quot; data-icon=\\&quot;play-circle\\&quot; class=\\&quot;svg-inline--fa fa-play-circle fa-w-16\\&quot; role=\\&quot;img\\&quot; xmlns=\\&quot;http:\\\/\\\/www.w3.org\\\/2000\\\/svg\\&quot; &gt;&lt;path fill=\\&quot;#fff\\&quot; d=\\&quot;M 17.421875 11.15625 L 9.171875 6.140625 C 8.433594 5.726562 7.5 6.257812 7.5 7.125 L 7.5 16.875 C 7.5 17.738281 8.429688 18.273438 9.171875 17.859375 L 17.421875 13.125 C 18.191406 12.699219 18.191406 11.585938 17.421875 11.15625 Z M 23.625 12 C 23.625 5.578125 18.421875 0.375 12 0.375 C 5.578125 0.375 0.375 5.578125 0.375 12 C 0.375 18.421875 5.578125 23.625 12 23.625 C 18.421875 23.625 23.625 18.421875 23.625 12 Z M 2.625 12 C 2.625 6.820312 6.820312 2.625 12 2.625 C 17.179688 2.625 21.375 6.820312 21.375 12 C 21.375 17.179688 17.179688 21.375 12 21.375 C 6.820312 21.375 2.625 17.179688 2.625 12 Z M 2.625 12 \\&quot;&gt;&lt;\\\/path&gt;&lt;\\\/svg&gt;&lt;\\\/div&gt;\\n\\t\\t\\t\\t\\t\\t\\t\\t\\t\\t\\t\\t\\t&lt;\\\/button&gt;&quot;,&quot;position&quot;:&quot;bottom&quot;},&quot;Toolbar&quot;:{&quot;display&quot;:{&quot;right&quot;:[&quot;close&quot;],&quot;left&quot;:[&quot;infobar&quot;]},&quot;enabled&quot;:true},&quot;Carousel&quot;:{&quot;Panzoom&quot;:{&quot;touch&quot;:false},&quot;infinite&quot;:false,&quot;transition&quot;:&quot;fade&quot;},&quot;keyboard&quot;:{&quot;Escape&quot;:&quot;close&quot;,&quot;Delete&quot;:&quot;close&quot;,&quot;Backspace&quot;:&quot;close&quot;,&quot;PageUp&quot;:false,&quot;PageDown&quot;:false,&quot;ArrowUp&quot;:false,&quot;ArrowDown&quot;:false,&quot;ArrowRight&quot;:false,&quot;ArrowLeft&quot;:false},&quot;touch&quot;:false,&quot;backdropClick&quot;:false,&quot;l10n&quot;:{&quot;CLOSE&quot;:&quot;Close&quot;,&quot;NEXT&quot;:&quot;Next&quot;,&quot;PREV&quot;:&quot;Previous&quot;,&quot;Error&quot;:&quot;The requested content cannot be loaded. Please try again later.&quot;,&quot;PLAY_START&quot;:&quot;Start slideshow&quot;,&quot;PLAY_STOP&quot;:&quot;Pause slideshow&quot;,&quot;FULL_SCREEN&quot;:&quot;Full screen&quot;,&quot;THUMBS&quot;:&quot;Thumbnails&quot;,&quot;DOWNLOAD&quot;:&quot;Download&quot;,&quot;SHARE&quot;:&quot;Share&quot;,&quot;ZOOM&quot;:&quot;Zoom&quot;,&quot;EMAIL&quot;:&quot;Here is the link to the image : %%image_link%% and this is the link to the gallery : %%gallery_link%%&quot;,&quot;MODAL&quot;:&quot;You can close this modal content with the ESC key&quot;,&quot;ERROR&quot;:&quot;Something Went Wrong, Please Try Again Later&quot;,&quot;IMAGE_ERROR&quot;:&quot;Image Not Found&quot;,&quot;ELEMENT_NOT_FOUND&quot;:&quot;HTML Element Not Found&quot;,&quot;AJAX_NOT_FOUND&quot;:&quot;Error Loading AJAX : Not Found&quot;,&quot;AJAX_FORBIDDEN&quot;:&quot;Error Loading AJAX : Forbidden&quot;,&quot;IFRAME_ERROR&quot;:&quot;Error Loading Page&quot;,&quot;TOGGLE_ZOOM&quot;:&quot;Toggle zoom level&quot;,&quot;TOGGLE_THUMBS&quot;:&quot;Toggle thumbnails&quot;,&quot;TOGGLE_SLIDESHOW&quot;:&quot;Toggle slideshow&quot;,&quot;TOGGLE_FULLSCREEN&quot;:&quot;Toggle full-screen mode&quot;},&quot;Images&quot;:{&quot;Panzoom&quot;:{&quot;maxScale&quot;:2},&quot;protected&quot;:false},&quot;toolbar&quot;:true,&quot;wheel&quot;:false,&quot;animationEffect&quot;:&quot;false&quot;,&quot;transitionEffect&quot;:&quot;fade&quot;,&quot;Html&quot;:{&quot;videoAutoplay&quot;:0,&quot;videoTpl&quot;:&quot;&lt;video class=\\&quot;fancybox__html5video modula_html5_video\\&quot; controls muted playsinline controlsList controlsList=\\&quot;nodownload\\&quot; poster=\\&quot;{{poster}}\\&quot; src=\\&quot;{{src}}\\&quot; type=\\&quot;{{format}}\\&quot; &gt;  Sorry, your browser doesn&#039;t support embedded videos, &lt;a href=\\&quot;{{src}}\\&quot;&gt; download &lt;\\\/a&gt; and watch with your favorite video player! &lt;\\\/video&gt;&quot;},&quot;options&quot;:{&quot;protect&quot;:false},&quot;mainClass&quot;:&quot;modula-fancybox-container modula-lightbox-jtg-119137&quot;},&quot;inView&quot;:false,&quot;email_subject&quot;:&quot;Check out this awesome image !!&quot;,&quot;email_message&quot;:&quot;Here is the link to the image : %%image_link%% and this is the link to the gallery : %%gallery_link%%&quot;,&quot;lightbox&quot;:&quot;fancybox&quot;,&quot;filterClick&quot;:1,&quot;dropdownFilters&quot;:&quot;0&quot;,&quot;defaultActiveFilter&quot;:&quot;all&quot;,&quot;initLightbox&quot;:&quot;modula_pro_init_lightbox&quot;,&quot;haveFilters&quot;:0,&quot;lightbox_devices&quot;:&quot;both&quot;,&quot;options&quot;:{&quot;lightbox&quot;:&quot;fancybox&quot;},&quot;enableSlideshow&quot;:&quot;0&quot;,&quot;enableAutoplay&quot;:&quot;0&quot;,&quot;slideshowSpeed&quot;:&quot;5000&quot;,&quot;pauseOnHover&quot;:&quot;0&quot;,&quot;modula_deeplink&quot;:0,&quot;pagination&quot;:true,&quot;images_per_page&quot;:&quot;8&quot;,&quot;images_count&quot;:3}\">\n\n\t\n\t<!-- Items Container -->\n\t<div  class=\"modula-items\">\n\t\t<div class=\"modula-item effect-crafty jtg-filter-all jtg-filter-\" data-width=\"3\" data-height=\"3\" >\n\t<div class=\"modula-item-overlay\"><\/div>\n\n\t<div class=\"modula-item-content\">\n\n\t\t\t\t\n\t\t\t\t\t<a data-image-id=\"119141\" tabindex=\"0\" rel=\"jtg-119137\" data-caption=\"&lt;span class=&quot;modula-caption-description&quot;&gt;&lt;\/span&gt;\" aria-label=\"Open image in lightbox\" role=\"button\" data-thumb=\"https:\/\/wp-modula.b-cdn.net\/spai\/q_lossy,ret_img,w_150,h_200\/https:\/\/www.sheetmusic-kreidler.com\/wp-content\/uploads\/2025\/10\/equi-witten-150x200.jpg\" class=\"tile-inner modula-item-link\"><\/a>\n\t\t\n\t\t<img class=\"pic wp-image-119141 lazyload\"  data-valign=\"middle\" data-halign=\"center\" alt=\"\" data-full=\"https:\/\/wp-modula.b-cdn.net\/spai\/q_lossless,ret_img\/https:\/\/www.sheetmusic-kreidler.com\/wp-content\/uploads\/2025\/10\/equi-witten.jpg\" title=\"\" width=\"300\" height=\"168\" data-src=\"https:\/\/wp-modula.b-cdn.net\/spai\/q_lossy,ret_img,w_300,h_168\/https:\/\/www.sheetmusic-kreidler.com\/wp-content\/uploads\/2025\/10\/equi-witten-300x168.jpg\" data-caption=\"\" data-source=\"modula\" data-srcset=\"https:\/\/wp-modula.b-cdn.net\/spai\/q_lossy,ret_img,w_634,h_356\/https:\/\/www.sheetmusic-kreidler.com\/wp-content\/uploads\/2025\/10\/equi-witten.jpg 634w, https:\/\/wp-modula.b-cdn.net\/spai\/q_lossy,ret_img,w_300,h_168\/https:\/\/www.sheetmusic-kreidler.com\/wp-content\/uploads\/2025\/10\/equi-witten-300x168.jpg 300w, https:\/\/wp-modula.b-cdn.net\/spai\/q_lossy,ret_img,w_18,h_10\/https:\/\/www.sheetmusic-kreidler.com\/wp-content\/uploads\/2025\/10\/equi-witten-18x10.jpg 18w\" data-sizes=\"(max-width: 300px) 100vw, 300px\" \/>\n\t\t<div class=\"figc no-description\">\n\t\t\t<div class=\"figc-inner\">\n\t\t\t\t\t\t\t\t\t\t\t\t\t\t\t<\/div>\n\t\t<\/div>\n\n\t<\/div>\n\n<\/div><div class=\"modula-item effect-crafty jtg-filter-all jtg-filter-\" data-width=\"3\" data-height=\"3\" >\n\t<div class=\"modula-item-overlay\"><\/div>\n\n\t<div class=\"modula-item-content\">\n\n\t\t\t\t\n\t\t\t\t\t<a data-image-id=\"119139\" tabindex=\"0\" rel=\"jtg-119137\" data-caption=\"&lt;span class=&quot;modula-caption-description&quot;&gt;&lt;\/span&gt;\" aria-label=\"Open image in lightbox\" role=\"button\" data-thumb=\"https:\/\/wp-modula.b-cdn.net\/spai\/q_lossy,ret_img,w_150,h_200\/https:\/\/www.sheetmusic-kreidler.com\/wp-content\/uploads\/2025\/10\/Equilibrophpne-v1-1-150x200.jpg\" class=\"tile-inner modula-item-link\"><\/a>\n\t\t\n\t\t<img class=\"pic wp-image-119139 lazyload\"  data-valign=\"middle\" data-halign=\"center\" alt=\"\" data-full=\"https:\/\/wp-modula.b-cdn.net\/spai\/q_lossless,ret_img\/https:\/\/www.sheetmusic-kreidler.com\/wp-content\/uploads\/2025\/10\/Equilibrophpne-v1-1.jpg\" title=\"\" data-caption=\"\" data-source=\"modula\" data-src=\"https:\/\/wp-modula.b-cdn.net\/spai\/q_lossy,ret_img,w_300,h_176\/h\" width=\"300\" height=\"176\" data-srcset=\"https:\/\/wp-modula.b-cdn.net\/spai\/q_lossy,ret_img,w_2560,h_1506\/https:\/\/www.sheetmusic-kreidler.com\/wp-content\/uploads\/2025\/10\/Equilibrophpne-v1-1-scaled.jpg 2560w, https:\/\/wp-modula.b-cdn.net\/spai\/q_lossy,ret_img,w_300,h_176\/https:\/\/www.sheetmusic-kreidler.com\/wp-content\/uploads\/2025\/10\/Equilibrophpne-v1-1-300x176.jpg 300w, https:\/\/wp-modula.b-cdn.net\/spai\/q_lossy,ret_img,w_1024,h_602\/https:\/\/www.sheetmusic-kreidler.com\/wp-content\/uploads\/2025\/10\/Equilibrophpne-v1-1-1024x602.jpg 1024w, https:\/\/wp-modula.b-cdn.net\/spai\/q_lossy,ret_img,w_768,h_452\/https:\/\/www.sheetmusic-kreidler.com\/wp-content\/uploads\/2025\/10\/Equilibrophpne-v1-1-768x452.jpg 768w, https:\/\/wp-modula.b-cdn.net\/spai\/q_lossy,ret_img,w_1536,h_903\/https:\/\/www.sheetmusic-kreidler.com\/wp-content\/uploads\/2025\/10\/Equilibrophpne-v1-1-1536x903.jpg 1536w, https:\/\/wp-modula.b-cdn.net\/spai\/q_lossy,ret_img,w_2048,h_1204\/https:\/\/www.sheetmusic-kreidler.com\/wp-content\/uploads\/2025\/10\/Equilibrophpne-v1-1-2048x1204.jpg 2048w, https:\/\/wp-modula.b-cdn.net\/spai\/q_lossy,ret_img,w_18,h_12\/https:\/\/www.sheetmusic-kreidler.com\/wp-content\/uploads\/2025\/10\/Equilibrophpne-v1-1-18x12.jpg 18w\" data-sizes=\"(max-width: 300px) 100vw, 300px\" \/>\n\t\t<div class=\"figc no-description\">\n\t\t\t<div class=\"figc-inner\">\n\t\t\t\t\t\t\t\t\t\t\t\t\t\t\t<\/div>\n\t\t<\/div>\n\n\t<\/div>\n\n<\/div><div class=\"modula-item effect-crafty jtg-filter-all jtg-filter-\" data-width=\"3\" data-height=\"3\" >\n\t<div class=\"modula-item-overlay\"><\/div>\n\n\t<div class=\"modula-item-content\">\n\n\t\t\t\t\n\t\t\t\t\t<a data-image-id=\"119140\" tabindex=\"0\" rel=\"jtg-119137\" data-caption=\"&lt;span class=&quot;modula-caption-description&quot;&gt;&lt;\/span&gt;\" aria-label=\"Open image in lightbox\" role=\"button\" data-thumb=\"https:\/\/wp-modula.b-cdn.net\/spai\/q_lossy,ret_img,w_150,h_200\/https:\/\/www.sheetmusic-kreidler.com\/wp-content\/uploads\/2025\/10\/Equilibrophpne-v1-2-150x200.jpg\" class=\"tile-inner modula-item-link\"><\/a>\n\t\t\n\t\t<img class=\"pic wp-image-119140 lazyload\"  data-valign=\"middle\" data-halign=\"center\" alt=\"\" data-full=\"https:\/\/wp-modula.b-cdn.net\/spai\/q_lossless,ret_img\/https:\/\/www.sheetmusic-kreidler.com\/wp-content\/uploads\/2025\/10\/Equilibrophpne-v1-2.jpg\" title=\"\" data-caption=\"\" data-source=\"modula\" data-src=\"https:\/\/wp-modula.b-cdn.net\/spai\/q_lossy,ret_img,w_300,h_228\/h\" width=\"300\" height=\"228\" data-srcset=\"https:\/\/wp-modula.b-cdn.net\/spai\/q_lossy,ret_img,w_1869,h_1422\/https:\/\/www.sheetmusic-kreidler.com\/wp-content\/uploads\/2025\/10\/Equilibrophpne-v1-2.jpg 1869w, https:\/\/wp-modula.b-cdn.net\/spai\/q_lossy,ret_img,w_300,h_228\/https:\/\/www.sheetmusic-kreidler.com\/wp-content\/uploads\/2025\/10\/Equilibrophpne-v1-2-300x228.jpg 300w, https:\/\/wp-modula.b-cdn.net\/spai\/q_lossy,ret_img,w_1024,h_779\/https:\/\/www.sheetmusic-kreidler.com\/wp-content\/uploads\/2025\/10\/Equilibrophpne-v1-2-1024x779.jpg 1024w, https:\/\/wp-modula.b-cdn.net\/spai\/q_lossy,ret_img,w_768,h_584\/https:\/\/www.sheetmusic-kreidler.com\/wp-content\/uploads\/2025\/10\/Equilibrophpne-v1-2-768x584.jpg 768w, https:\/\/wp-modula.b-cdn.net\/spai\/q_lossy,ret_img,w_1536,h_1169\/https:\/\/www.sheetmusic-kreidler.com\/wp-content\/uploads\/2025\/10\/Equilibrophpne-v1-2-1536x1169.jpg 1536w, https:\/\/wp-modula.b-cdn.net\/spai\/q_lossy,ret_img,w_16,h_12\/https:\/\/www.sheetmusic-kreidler.com\/wp-content\/uploads\/2025\/10\/Equilibrophpne-v1-2-16x12.jpg 16w\" data-sizes=\"(max-width: 300px) 100vw, 300px\" \/>\n\t\t<div class=\"figc no-description\">\n\t\t\t<div class=\"figc-inner\">\n\t\t\t\t\t\t\t\t\t\t\t\t\t\t\t<\/div>\n\t\t<\/div>\n\n\t<\/div>\n\n<\/div>\t\t\n\t<\/div>\n\n\t\n\t\n\t<script type=\"application\/ld+json\">\n\t{\n\t\t\"@context\": \"http:\/\/schema.org\",\n\t\t\"@type\"   : \"ImageGallery\",\n\t\t\"id\"      : \"https:\/\/www.sheetmusic-kreidler.com\/en\/motor-instruments\/equilibrophone\/\",\n\t\t\"url\"     : \"https:\/\/www.sheetmusic-kreidler.com\/en\/motor-instruments\/equilibrophone\/\"\n\t}\n\n\t<\/script>\n\n\t\n<\/div><div class=\"modula-navigation pagination jtg-119137\"><div class=\"modula-links-wrapper nav-links\"><\/div><\/div>\n\n\n<div style=\"height:20px\" aria-hidden=\"true\" class=\"wp-block-spacer\"><\/div>\n\n\n\n<p><strong>In Exhibition<\/strong>:<br \/>\"SEUFZ\" M\u00e4rkisches Museum Witten 2025<br \/><\/p>\n\n\n\n<div style=\"height:20px\" aria-hidden=\"true\" class=\"wp-block-spacer\"><\/div>\n\n\n\n<p><\/p>\n\n\n\n\n<div style=\"height:35px\" aria-hidden=\"true\" class=\"wp-block-spacer\"><\/div>\n\n\n<div class=\"wp-block-buttons is-layout-flex wp-block-buttons-is-layout-flex\">\n<div class=\"wp-block-button is-style-outline is-style-outline--1\"><a class=\"wp-block-button__link wp-element-button\" href=\"https:\/\/www.sheetmusic-kreidler.com\/en\/motor-instruments\/\" style=\"border-radius:3px\">\u25c0\ufe0e\u25c0\ufe0e<\/a><\/div>\n\n\n\n<div class=\"wp-block-button is-style-outline is-style-outline--2\"><a class=\"wp-block-button__link wp-element-button\" href=\"https:\/\/www.sheetmusic-kreidler.com\/en\/motor-instruments\/motor-hihat\/\">\u25c0\ufe0e<\/a><\/div>\n\n\n\n<div class=\"wp-block-button is-style-outline is-style-outline--3\"><a class=\"wp-block-button__link wp-element-button\" href=\"https:\/\/www.sheetmusic-kreidler.com\/en\/motor-instruments\/motor-flexatones\/\">\u25b6\ufe0e<\/a><\/div>\n<\/div>","protected":false},"excerpt":{"rendered":"<p>Equilibrophon (2025) Motorisierte Schienen mit Glas- und anderen Kugeln. Verschieden gro\u00dfe Resonanzk\u00f6rper erzeugen unterschiedliche Tonh\u00f6hen und Klangfarben. &#8222;Ein Reiben, auch ein Raunen, fast ein Seufzen, mit dem die Kugeln von links nach rechts und von rechts nach links gehoben werden, abgewogen, hin und her. Auch andere Arrangements sind denkbar, die gebogene Bahn, gekoppelte Waagen, Wippen [&hellip;]<\/p>","protected":false},"author":2,"featured_media":0,"parent":118842,"menu_order":10,"comment_status":"closed","ping_status":"closed","template":"","meta":{"footnotes":""},"class_list":["post-119023","page","type-page","status-publish","hentry"],"_links":{"self":[{"href":"https:\/\/www.sheetmusic-kreidler.com\/en\/wp-json\/wp\/v2\/pages\/119023","targetHints":{"allow":["GET"]}}],"collection":[{"href":"https:\/\/www.sheetmusic-kreidler.com\/en\/wp-json\/wp\/v2\/pages"}],"about":[{"href":"https:\/\/www.sheetmusic-kreidler.com\/en\/wp-json\/wp\/v2\/types\/page"}],"author":[{"embeddable":true,"href":"https:\/\/www.sheetmusic-kreidler.com\/en\/wp-json\/wp\/v2\/users\/2"}],"replies":[{"embeddable":true,"href":"https:\/\/www.sheetmusic-kreidler.com\/en\/wp-json\/wp\/v2\/comments?post=119023"}],"version-history":[{"count":10,"href":"https:\/\/www.sheetmusic-kreidler.com\/en\/wp-json\/wp\/v2\/pages\/119023\/revisions"}],"predecessor-version":[{"id":119444,"href":"https:\/\/www.sheetmusic-kreidler.com\/en\/wp-json\/wp\/v2\/pages\/119023\/revisions\/119444"}],"up":[{"embeddable":true,"href":"https:\/\/www.sheetmusic-kreidler.com\/en\/wp-json\/wp\/v2\/pages\/118842"}],"wp:attachment":[{"href":"https:\/\/www.sheetmusic-kreidler.com\/en\/wp-json\/wp\/v2\/media?parent=119023"}],"curies":[{"name":"wp","href":"https:\/\/api.w.org\/{rel}","templated":true}]}}